{"id":1082,"date":"2014-04-29T18:40:00","date_gmt":"2014-04-29T16:40:00","guid":{"rendered":"http:\/\/uptobe.es\/tierraspolares\/trineodeviento\/?page_id=1082"},"modified":"2014-04-29T18:40:00","modified_gmt":"2014-04-29T16:40:00","slug":"miembros-del-equipo","status":"publish","type":"page","link":"https:\/\/tierraspolares.es\/trineodeviento\/miembros-del-equipo\/","title":{"rendered":"Miembros del equipo"},"content":{"rendered":"<p>El equipo del proyecto Trineo de Viento est\u00e1 formado por profesionales de diferentes \u00e1mbitos de la investigaci\u00f3n cient\u00edfica, la tecnolog\u00eda, la producci\u00f3n audiovisual y la exploraci\u00f3n de las regiones m\u00e1s salvajes del planeta. Todos ellos mantienen desde hace a\u00f1os un fuerte compromiso con un proyecto que apuesta por la protecci\u00f3n del medio ambiente y un mayor conocimiento de la Tierra.<\/p>\n","protected":false},"excerpt":{"rendered":"<p>El equipo del proyecto Trineo de Viento est\u00e1 formado por profesionales de diferentes \u00e1mbitos de la investigaci\u00f3n cient\u00edfica, la tecnolog\u00eda, la producci\u00f3n audiovisual y la exploraci\u00f3n de las regiones m\u00e1s salvajes del planeta. Todos ellos mantienen desde hace a\u00f1os un fuerte compromiso con un proyecto que apuesta por la protecci\u00f3n del medio ambiente y un mayor conocimiento de la Tierra.<\/p>\n","protected":false},"author":1,"featured_media":0,"parent":0,"menu_order":0,"comment_status":"closed","ping_status":"open","template":"","meta":{"footnotes":""},"class_list":["post-1082","page","type-page","status-publish","hentry"],"_links":{"self":[{"href":"https:\/\/tierraspolares.es\/trineodeviento\/wp-json\/wp\/v2\/pages\/1082","targetHints":{"allow":["GET"]}}],"collection":[{"href":"https:\/\/tierraspolares.es\/trineodeviento\/wp-json\/wp\/v2\/pages"}],"about":[{"href":"https:\/\/tierraspolares.es\/trineodeviento\/wp-json\/wp\/v2\/types\/page"}],"author":[{"embeddable":true,"href":"https:\/\/tierraspolares.es\/trineodeviento\/wp-json\/wp\/v2\/users\/1"}],"replies":[{"embeddable":true,"href":"https:\/\/tierraspolares.es\/trineodeviento\/wp-json\/wp\/v2\/comments?post=1082"}],"version-history":[{"count":0,"href":"https:\/\/tierraspolares.es\/trineodeviento\/wp-json\/wp\/v2\/pages\/1082\/revisions"}],"wp:attachment":[{"href":"https:\/\/tierraspolares.es\/trineodeviento\/wp-json\/wp\/v2\/media?parent=1082"}],"curies":[{"name":"wp","href":"https:\/\/api.w.org\/{rel}","templated":true}]}}