{"id":128,"date":"2013-12-15T19:17:14","date_gmt":"2013-12-15T19:17:14","guid":{"rendered":"http:\/\/uptobe.es\/tierraspolares\/trineodeviento\/?page_id=128"},"modified":"2025-02-04T16:34:17","modified_gmt":"2025-02-04T15:34:17","slug":"futuros-proyectos","status":"publish","type":"page","link":"https:\/\/tierraspolares.es\/trineodeviento\/futuros-proyectos\/","title":{"rendered":"&#8216;Ant\u00e1rtica Inexplorada&#8217; 2018-19"},"content":{"rendered":"\t\t<div data-elementor-type=\"wp-page\" data-elementor-id=\"128\" class=\"elementor elementor-128\">\n\t\t\t\t\t\t<section class=\"elementor-section elementor-top-section elementor-element elementor-element-68af2d7 elementor-section-boxed elementor-section-height-default elementor-section-height-default\" data-id=\"68af2d7\" data-element_type=\"section\" data-e-type=\"section\">\n\t\t\t\t\t\t<div class=\"elementor-container elementor-column-gap-default\">\n\t\t\t\t\t<div class=\"elementor-column elementor-col-100 elementor-top-column elementor-element elementor-element-23650d5\" data-id=\"23650d5\" data-element_type=\"column\" data-e-type=\"column\">\n\t\t\t<div class=\"elementor-widget-wrap\">\n\t\t\t\t\t\t\t<\/div>\n\t\t<\/div>\n\t\t\t\t\t<\/div>\n\t\t<\/section>\n\t\t\t\t<section class=\"elementor-section elementor-top-section elementor-element elementor-element-4389414d elementor-section-boxed elementor-section-height-default elementor-section-height-default\" data-id=\"4389414d\" data-element_type=\"section\" data-e-type=\"section\">\n\t\t\t\t\t\t<div class=\"elementor-container elementor-column-gap-default\">\n\t\t\t\t\t<div class=\"elementor-column elementor-col-100 elementor-top-column elementor-element elementor-element-5974cf7b\" data-id=\"5974cf7b\" data-element_type=\"column\" data-e-type=\"column\">\n\t\t\t<div class=\"elementor-widget-wrap elementor-element-populated\">\n\t\t\t\t\t\t<div class=\"elementor-element elementor-element-3a885228 elementor-widget elementor-widget-text-editor\" data-id=\"3a885228\" data-element_type=\"widget\" data-e-type=\"widget\" data-widget_type=\"text-editor.default\">\n\t\t\t\t<div class=\"elementor-widget-container\">\n\t\t\t\t\t\t\t\t\t<p><a href=\"https:\/\/tierraspolares.es\/trineodeviento\/wp-content\/uploads\/2025\/02\/Copia-de-201819-reducida.jpg\"><img fetchpriority=\"high\" decoding=\"async\" class=\"size-full wp-image-987511405 aligncenter\" src=\"https:\/\/tierraspolares.es\/trineodeviento\/wp-content\/uploads\/2025\/02\/Copia-de-201819-reducida.jpg\" alt=\"\" width=\"794\" height=\"667\" srcset=\"https:\/\/tierraspolares.es\/trineodeviento\/wp-content\/uploads\/2025\/02\/Copia-de-201819-reducida.jpg 794w, https:\/\/tierraspolares.es\/trineodeviento\/wp-content\/uploads\/2025\/02\/Copia-de-201819-reducida-300x252.jpg 300w, https:\/\/tierraspolares.es\/trineodeviento\/wp-content\/uploads\/2025\/02\/Copia-de-201819-reducida-768x645.jpg 768w\" sizes=\"(max-width: 794px) 100vw, 794px\" \/><\/a><\/p><p>El Trineo de Viento realiz\u00f3 la expedici\u00f3n cient\u00edfica y de exploraci\u00f3n &#8216;Ant\u00e1rtica Inexplorada 2018-19&#8217; entre 1 diciembre de 2018\u00a0 y 12 de febrero de 2019 . Fue un viaje de m\u00e1s de 2.500 kil\u00f3metros nunca antes realizado con este veh\u00edculo &#8216;no contaminante&#8217; para realizar diferentes proyectos cient\u00edficos de impacto nacional e internacional y que marc\u00f3, asimismo, <strong>un hito geogr\u00e1fico<\/strong> al alcanzar el Domo Fuji sin medios motorizados. Soportaron temperaturas de 40\u00ba bajo cero e inferiores. Estuvo<strong>\u00a0patrocinada por la Fundaci\u00f3n Principe Alberto II de M\u00f3naco<\/strong> y la agencia <strong>Tierras Polares y Expediciones<\/strong>. Asimismo cont\u00f3 con un contrato de la <strong>Agencia Espacial Europea (ESA)<\/strong>, y colaboraciones de la Universidad de Maine (EEUU), el CSIC y diversas universidades espa\u00f1olas. Parte de los fondos se consiguieron gracias a un crowfunding en el que han participado 350 personas.<\/p><p>La expedici\u00f3n &#8216;Ant\u00e1rtica Inexplorada 2018-19&#8217; recorri\u00f3 en una ruta triangular uno de los territorios m\u00e1s desconocidos de la Tierra y de ella formaron parte cuatro expedicionarios espa\u00f1oles con una amplia experiencia polar: <strong>Ram\u00f3n Larramendi, Hilo Moreno, Ignacio Oficialdegui y Manuel Olivera<\/strong>. Larramendi es el creador del veh\u00edculo y director de la expedici\u00f3n. El objetivo era doble: demostrar que el Trineo de Viento supera las condiciones m\u00e1s adversas (en una ascensi\u00f3n jam\u00e1s antes realizada sin medios de transporte motorizados) y realizar el recorrido con proyectos punteros a nivel cient\u00edfico, de instituciones espa\u00f1olas e internacionales.<\/p><p>La expedici\u00f3n sali\u00f3 de la base rusa de Novolaz\u00e1revskaya y subi\u00f3 hasta el domo Fuji, cerca de una base japonesa hoy activa. Desde all\u00ed lleg\u00f3 a la base cient\u00edfica norteamericana Base Plateau (en la tierra de la Reina Maud), abandonada desde 1969.<\/p><p><a href=\"https:\/\/tierraspolares.es\/trineodeviento\/wp-content\/uploads\/2025\/02\/Copia-de-DIBUJO-3-MODULOS-2018-CON-ESTRUCTURA-CIENTIFICA.jpg\"><img decoding=\"async\" class=\"alignnone size-full wp-image-987511406 lazyload\" data-src=\"https:\/\/tierraspolares.es\/trineodeviento\/wp-content\/uploads\/2025\/02\/Copia-de-DIBUJO-3-MODULOS-2018-CON-ESTRUCTURA-CIENTIFICA.jpg\" alt=\"\" width=\"1371\" height=\"649\" data-srcset=\"https:\/\/tierraspolares.es\/trineodeviento\/wp-content\/uploads\/2025\/02\/Copia-de-DIBUJO-3-MODULOS-2018-CON-ESTRUCTURA-CIENTIFICA.jpg 1371w, https:\/\/tierraspolares.es\/trineodeviento\/wp-content\/uploads\/2025\/02\/Copia-de-DIBUJO-3-MODULOS-2018-CON-ESTRUCTURA-CIENTIFICA-300x142.jpg 300w, https:\/\/tierraspolares.es\/trineodeviento\/wp-content\/uploads\/2025\/02\/Copia-de-DIBUJO-3-MODULOS-2018-CON-ESTRUCTURA-CIENTIFICA-1024x485.jpg 1024w, https:\/\/tierraspolares.es\/trineodeviento\/wp-content\/uploads\/2025\/02\/Copia-de-DIBUJO-3-MODULOS-2018-CON-ESTRUCTURA-CIENTIFICA-768x364.jpg 768w\" data-sizes=\"(max-width: 1371px) 100vw, 1371px\" src=\"data:image\/svg+xml;base64,PHN2ZyB3aWR0aD0iMSIgaGVpZ2h0PSIxIiB4bWxucz0iaHR0cDovL3d3dy53My5vcmcvMjAwMC9zdmciPjwvc3ZnPg==\" style=\"--smush-placeholder-width: 1371px; --smush-placeholder-aspect-ratio: 1371\/649;\" \/><\/a><\/p><p>El Trineo de Viento transport\u00f3 m\u00e1s de dos toneladas en un trineo tirado por cometas compuesto por su configuraci\u00f3n de tres m\u00f3dulos:<\/p><p><strong>-M\u00f3dulo locomotora:<\/strong> este m\u00f3dulo act\u00faa como locomotora y tendr\u00e1 una tienda para paliar las bajas temperaturas, que superan en ocasiones los 50 grados bajo cero. En su parte trasera lleva un espacio para ser utilizado como lugar de trabajo y de refugio de los pilotos en caso de mal tiempo.<\/p><p><strong>-M\u00f3dulo de carga:<\/strong>\u00a0Es el m\u00f3dulo para el transporte\u00a0 del equipamiento cient\u00edfico y el que precisan los expedicionarios (comida, dispositivos, muestras recogidas en la traves\u00eda, etc\u00e9tera). Adem\u00e1s, llevar\u00e1n instalados de 10 a 12 metros cuadrados de paneles fotovolt\u00e1icos para la producci\u00f3n de energ\u00eda que se almacenar\u00e1 en seis bater\u00edas grandes y varias peque\u00f1as.<\/p><p><strong>-M\u00f3dulo habitable:<\/strong> el tercer m\u00f3dulo servir\u00e1 de vivienda para los\u00a0 expedicionarios. Estar\u00e1 compuesto por\u00a0 una gran tienda dise\u00f1ada para la expedici\u00f3n que facilitar\u00e1 el efecto invernadero y resistir\u00e1 las tempestades ant\u00e1rticas.<\/p><p>Adem\u00e1s, llevaron <strong>20 cometas de entre cinco y 150 metros cuadrados<\/strong>, para ser utilizadas seg\u00fan las condiciones del viento, que pueden tener velocidades oscilantes entre <strong>6 y 60 Kms\/h<\/strong>. Las l\u00edneas que enlazan con las poleas tendr\u00e1n <strong>hasta 350 metros de longitud<\/strong>, para aprovechar al m\u00e1ximo las posibilidades que ofrece la columna de viento en la meseta ant\u00e1rtica.<\/p><p>En total , el Trineo de Viento tendr\u00e1 unos <strong>nueve\u00a0metros de largo por cuatro metros de ancho<\/strong>.<\/p><p>Durante la expedici\u00f3n los\u00a0<strong>cuatro\u00a0tripulantes\u00a0 (Larramendi, Moreno, Oficialdegui y\u00a0 Olivera)<\/strong> fueron haciendo turnos en dos equipos para que el Trineo de Viento estuviera en marcha o el m\u00e1ximo posible cuando las condiciones meteorol\u00f3gicas lo permit\u00edan.<\/p><p>\u00abToda la expedici\u00f3n tiene un coste que es infinitamente m\u00e1s bajo que el de cualquier expedici\u00f3n cient\u00edfica polar como las que se realizan en la Ant\u00e1rtida cada a\u00f1o\u00bb, \u00a0argumenta Ram\u00f3n Larramendi.<strong>\u00a0<\/strong><\/p><p><strong>La expedici\u00f3n fue patrocinada por la Fundaci\u00f3n Pr\u00edncipe Alberto II de M\u00f3naco y\u00a0 la agencia Tierras Polares.<\/strong><\/p><p><strong>\u00a0<\/strong><\/p>\t\t\t\t\t\t\t\t<\/div>\n\t\t\t\t<\/div>\n\t\t\t\t\t<\/div>\n\t\t<\/div>\n\t\t\t\t\t<\/div>\n\t\t<\/section>\n\t\t\t\t<\/div>\n\t\t","protected":false},"excerpt":{"rendered":"<p>El Trineo de Viento realiz\u00f3 la expedici\u00f3n cient\u00edfica y de exploraci\u00f3n &#8216;Ant\u00e1rtica Inexplorada 2018-19&#8217; entre 1 diciembre de 2018\u00a0 y 12 de febrero de 2019 . Fue un viaje de m\u00e1s de 2.500 kil\u00f3metros nunca antes realizado con este veh\u00edculo &#8216;no contaminante&#8217; para realizar diferentes proyectos cient\u00edficos de impacto nacional e internacional y que marc\u00f3, asimismo, un hito geogr\u00e1fico al alcanzar el Domo Fuji sin medios motorizados. Soportaron temperaturas de 40\u00ba bajo cero e inferiores. Estuvo\u00a0patrocinada por la Fundaci\u00f3n Principe Alberto II de M\u00f3naco y la agencia Tierras Polares y Expediciones. Asimismo cont\u00f3 con un contrato de la Agencia Espacial Europea (ESA), y colaboraciones de la Universidad de Maine (EEUU), el CSIC y diversas universidades espa\u00f1olas. Parte de los fondos se consiguieron gracias a un crowfunding en el que han participado 350 personas. La expedici\u00f3n &#8216;Ant\u00e1rtica Inexplorada 2018-19&#8217; recorri\u00f3 en una ruta triangular uno de los territorios m\u00e1s desconocidos de la Tierra y de ella formaron parte cuatro expedicionarios espa\u00f1oles con una amplia experiencia polar: Ram\u00f3n Larramendi, Hilo Moreno, Ignacio Oficialdegui y Manuel Olivera. Larramendi es el creador del veh\u00edculo y director de la expedici\u00f3n. El objetivo era doble: demostrar que el Trineo de Viento supera las condiciones m\u00e1s adversas [&hellip;]<\/p>\n","protected":false},"author":1,"featured_media":0,"parent":0,"menu_order":0,"comment_status":"closed","ping_status":"closed","template":"","meta":{"footnotes":""},"class_list":["post-128","page","type-page","status-publish","hentry"],"_links":{"self":[{"href":"https:\/\/tierraspolares.es\/trineodeviento\/wp-json\/wp\/v2\/pages\/128","targetHints":{"allow":["GET"]}}],"collection":[{"href":"https:\/\/tierraspolares.es\/trineodeviento\/wp-json\/wp\/v2\/pages"}],"about":[{"href":"https:\/\/tierraspolares.es\/trineodeviento\/wp-json\/wp\/v2\/types\/page"}],"author":[{"embeddable":true,"href":"https:\/\/tierraspolares.es\/trineodeviento\/wp-json\/wp\/v2\/users\/1"}],"replies":[{"embeddable":true,"href":"https:\/\/tierraspolares.es\/trineodeviento\/wp-json\/wp\/v2\/comments?post=128"}],"version-history":[{"count":7,"href":"https:\/\/tierraspolares.es\/trineodeviento\/wp-json\/wp\/v2\/pages\/128\/revisions"}],"predecessor-version":[{"id":987511420,"href":"https:\/\/tierraspolares.es\/trineodeviento\/wp-json\/wp\/v2\/pages\/128\/revisions\/987511420"}],"wp:attachment":[{"href":"https:\/\/tierraspolares.es\/trineodeviento\/wp-json\/wp\/v2\/media?parent=128"}],"curies":[{"name":"wp","href":"https:\/\/api.w.org\/{rel}","templated":true}]}}