{"id":208,"date":"2013-12-16T18:46:49","date_gmt":"2013-12-16T18:46:49","guid":{"rendered":"http:\/\/uptobe.es\/tierraspolares\/trineodeviento\/?page_id=208"},"modified":"2013-12-16T18:46:49","modified_gmt":"2013-12-16T18:46:49","slug":"base-movil-para-espana","status":"publish","type":"page","link":"https:\/\/tierraspolares.es\/trineodeviento\/base-movil-para-espana\/","title":{"rendered":"Base-m\u00f3vil para Espa\u00f1a"},"content":{"rendered":"<p><a href=\"http:\/\/tierraspolares.es\/\/tierraspolares\/trineodeviento\/wp-content\/uploads\/2013\/12\/accionantartida-002582.jpg\"><img fetchpriority=\"high\" decoding=\"async\" class=\"aligncenter size-large wp-image-210\" alt=\"accionantartida-002582\" src=\"http:\/\/tierraspolares.es\/\/tierraspolares\/trineodeviento\/wp-content\/uploads\/2013\/12\/accionantartida-002582-1024x682.jpg\" width=\"1024\" height=\"682\" \/><\/a><\/p>\n<p>Espa\u00f1a cuenta en estos momentos con dos base cient\u00edficas en la Ant\u00e1rtida: la <a title=\"Juan Carlos I\" href=\"http:\/\/es.wikipedia.org\/wiki\/Base_Ant%C3%A1rtica_Juan_Carlos_I\">Juan Carlos I<\/a> (desde 1988), en la Isla de Livingston, y<a title=\"Gabriel de Castilla\" href=\"http:\/\/es.wikipedia.org\/wiki\/Base_Ant%C3%A1rtica_Gabriel_de_Castilla\"> la Gabriel de Castilla<\/a>\u00a0(desde 1989), en la Isla Decepci\u00f3n, ambas en las cercan\u00edas de la Pen\u00ednsula Ant\u00e1rtica.<\/p>\n<p>Conseguir estas bases fue un empe\u00f1o de los investigadores que acud\u00edan cada a\u00f1o al continente blanco y se han mantenido, hasta que la llegada de la crisis econ\u00f3mica y los recortes de hasta un 40% de los fondos destinados a I+D, han afectado al desarrollo de estas campa\u00f1as, <a title=\"Recortes campa\u00f1a 2013\" href=\"http:\/\/www.huffingtonpost.es\/2013\/11\/27\/antartida-crisis_n_4342285.html\">reduci\u00e9ndose en 2013 a su m\u00ednima expresi\u00f3n <\/a>tanto en personal como en tiempo. Algunos cient\u00edficos espa\u00f1oles buscan acomodo en bases continenteles de otros pa\u00edses en los que desarrollar sus proyectos, lo que no es f\u00e1cil de conseguir dado el alto nivel de competitividad y que, l\u00f3gicamente, cada pa\u00eds prioriza a sus nacionales.<\/p>\n<p>El Trineo de Viento supone <strong>una alternativa econ\u00f3mica para que los cient\u00edficos espa\u00f1oles puedan seguir trabajando en la Ant\u00e1rtida<\/strong> e incluso puedan viajar al coraz\u00f3n del continente para realizar sus trabajos de investigaci\u00f3n \u00a0<strong>sin que la inversi\u00f3n sea muy alta<\/strong>. El veh\u00edculo es f\u00e1cilmente transportable en el modelo de avi\u00f3n que viaja hasta la parte superior de la zona continental y que aterriza despu\u00e9s de pasar una zona de grandes grietas.<\/p>\n<div id=\"attachment_539\" style=\"width: 650px\" class=\"wp-caption aligncenter\"><a href=\"http:\/\/tierraspolares.es\/\/tierraspolares\/trineodeviento\/wp-content\/uploads\/2013\/12\/baejuancarlos.jpg\"><img decoding=\"async\" aria-describedby=\"caption-attachment-539\" class=\"size-full wp-image-539 lazyload\" alt=\"Base Juan Carlos I en Isla Livingston. |CSIC\" data-src=\"http:\/\/tierraspolares.es\/\/tierraspolares\/trineodeviento\/wp-content\/uploads\/2013\/12\/baejuancarlos.jpg\" width=\"640\" height=\"428\" data-srcset=\"https:\/\/tierraspolares.es\/trineodeviento\/wp-content\/uploads\/2013\/12\/baejuancarlos.jpg 640w, https:\/\/tierraspolares.es\/trineodeviento\/wp-content\/uploads\/2013\/12\/baejuancarlos-300x201.jpg 300w, https:\/\/tierraspolares.es\/trineodeviento\/wp-content\/uploads\/2013\/12\/baejuancarlos-600x400.jpg 600w\" data-sizes=\"(max-width: 640px) 100vw, 640px\" src=\"data:image\/svg+xml;base64,PHN2ZyB3aWR0aD0iMSIgaGVpZ2h0PSIxIiB4bWxucz0iaHR0cDovL3d3dy53My5vcmcvMjAwMC9zdmciPjwvc3ZnPg==\" style=\"--smush-placeholder-width: 640px; --smush-placeholder-aspect-ratio: 640\/428;\" \/><\/a><p id=\"caption-attachment-539\" class=\"wp-caption-text\">Base Juan Carlos I en Isla Livingston. |CSIC<\/p><\/div>\n<p>Tres son los ejes para que triunfe el eco-Trineo de Viento<\/p>\n<p><strong>1<\/strong>. El desarrollo definitivo de la t\u00e9cnica de\u00a0utilizaci\u00f3n de cometas como m\u00e9todo de propulsi\u00f3n para arrastrar los trineos \u00a0con &#8216;cero emisiones&#8217;, en contraposici\u00f3n con el modelo de veh\u00edculo mecanizado ant\u00e1rtico que hoy se utiliza, conocido como &#8216;oruga&#8217;, que funciona con combustible f\u00f3sil.<\/p>\n<p><strong>2.<\/strong> La coordinaci\u00f3n de un programa espa\u00f1ol de proyectos de investigaci\u00f3n para desarrollar en el &#8216;plateau&#8217; de la Ant\u00e1rtida Oriental y en la denominada &#8216;zona de inaccesibilidad&#8217;, que es la regi\u00f3n menos conocida del continente debido a las dificultades log\u00edsticas, y por tanto una regi\u00f3n de gran inter\u00e9s para la exploraci\u00f3n cient\u00edfica. Dicho programa requiere la implicaci\u00f3n de las universidades y organismos cient\u00edficos, as\u00ed como el apoyo de los responsables de I+D al m\u00e1s alto nivel.<\/p>\n<p><strong>3.<\/strong> La creaci\u00f3n de una unidad\u00a0log\u00edstica con experiencia en el manejo del Trineo de Viento, que sea capaz de garantizar una actividad permanente espa\u00f1ola en la Ant\u00e1rtida Oriental, mediante la realizaci\u00f3n de expediciones de prueba en Groenlandia y en la Ant\u00e1rtida con el nuevo veh\u00edculo.<\/p>\n<p>Las posibilidades del Trineo de Viento como &#8216;base-m\u00f3vil&#8217; para la ciencia espa\u00f1ola fueron probadas en la Ant\u00e1rtida en la <a title=\"Expedici\u00f3n Ant\u00e1rtica Acciona\" href=\"http:\/\/tierraspolares.es\/\/tierraspolares\/trineodeviento\/?page_id=96\">Expedici\u00f3n Ant\u00e1rtica Acciona 2011-2012<\/a>.<\/p>\n<div id=\"attachment_543\" style=\"width: 510px\" class=\"wp-caption aligncenter\"><a href=\"http:\/\/tierraspolares.es\/\/tierraspolares\/trineodeviento\/wp-content\/uploads\/2013\/12\/CentroNaciBiotecnolo.jpg\"><img decoding=\"async\" aria-describedby=\"caption-attachment-543\" class=\"size-full wp-image-543 lazyload\" alt=\"Ram\u00f3n Larramendi con P\u00edo Cabanillas (izquierda) y Jer\u00f3nimo L\u00f3pez (segundo por la derecha) en el Centro Nacional de Biotecnolog\u00eda.\" data-src=\"http:\/\/tierraspolares.es\/\/tierraspolares\/trineodeviento\/wp-content\/uploads\/2013\/12\/CentroNaciBiotecnolo.jpg\" width=\"500\" height=\"344\" data-srcset=\"https:\/\/tierraspolares.es\/trineodeviento\/wp-content\/uploads\/2013\/12\/CentroNaciBiotecnolo.jpg 500w, https:\/\/tierraspolares.es\/trineodeviento\/wp-content\/uploads\/2013\/12\/CentroNaciBiotecnolo-300x206.jpg 300w\" data-sizes=\"(max-width: 500px) 100vw, 500px\" src=\"data:image\/svg+xml;base64,PHN2ZyB3aWR0aD0iMSIgaGVpZ2h0PSIxIiB4bWxucz0iaHR0cDovL3d3dy53My5vcmcvMjAwMC9zdmciPjwvc3ZnPg==\" style=\"--smush-placeholder-width: 500px; --smush-placeholder-aspect-ratio: 500\/344;\" \/><\/a><p id=\"caption-attachment-543\" class=\"wp-caption-text\">Ram\u00f3n Larramendi con P\u00edo Cabanillas (izquierda) y Jer\u00f3nimo L\u00f3pez (segundo por la derecha) en el Centro Nacional de Biotecnolog\u00eda.<\/p><\/div>\n<p>En una jornada celebrada en el<a title=\"CNB\" href=\"http:\/\/www.cnb.csic.es\/index.php\/es\/\"> Centro Nacional de Biotecnolog\u00eda<\/a> (CSIC), en abril de 2012, los promotores del proyecto Trineo de Viento lo presentaron ante la comunidad cient\u00edfica espa\u00f1ola que trabaja en la Ant\u00e1rtida. En aquel acto el bi\u00f3logo Juan Pablo Albar explic\u00f3 los proyectos desarrollados durante la \u00faltima expedici\u00f3n ant\u00e1rtica. En octubre, Ram\u00f3n Larramendi y Juan Manuel Viu lo presentaron tambi\u00e9n en <a title=\"Conferencia\" href=\"http:\/\/www.spri.cam.ac.uk\/friends\/events\/lectures\/previous.html\">una conferencia <\/a>en el <a title=\"Scott Polar Institute\" href=\"http:\/\/www.spri.cam.ac.uk\/\">Scott Polar Institute <\/a>de la Universidad de Cambridge (24-10-2012).<\/p>\n<p><span style=\"font-size: 13px; line-height: 19px;\">Prestigiosos cient\u00edficos han dado su apoyo al proyecto Trineo de Viento:<\/span><\/p>\n<p><b>Leopoldo Garc\u00eda Sancho (catedr\u00e1tico y coordinador del ECOTER, grupo internacional para el estudio de la flora ant\u00e1rtica)<\/b>: \u201cEl catamar\u00e1n nos abre la posibilidad de investigar donde hasta ahora es inaccesible. Estoy impresionado con sus posibilidades para investigaciones puntuales\u201d.<\/p>\n<p><b>P\u00edo Cabanillas (director general de Comunicaci\u00f3n de Acciona)<\/b>: \u201cUn proyecto \u00fanico que hace posible recorrer la Ant\u00e1rtida de forma limpia. S\u00edganlo porque vale la pena. Nadie ha hecho nada parecido\u201d.<\/p>\n<p><b>Juan Jos\u00e9 Da\u00f1obeitia (Responsable Unidad Biolog\u00eda Marina del CSIC y ex logista bases espa\u00f1olas)<\/b>: \u201cEl trineo de viento ayudar\u00e1 a rebajar el impacto ambiental que tiene el trabajo cient\u00edfico en la Ant\u00e1rtida\u201d<\/p>\n<p><b>Miguel Angel Ojeda (Logista bases espa\u00f1olas campa\u00f1a 2013-2014)<\/b>: \u201cEste trineo es muy interesante para trabajar en la zona continental. Una alternativa barata para recoger muestras\u201d.<\/p>\n<p><b>Peter Clarksson (Ex presidente del Comit\u00e9 Internacional de Investigaci\u00f3n Cient\u00edfica en la Ant\u00e1rtida)<\/b>: \u201cPodr\u00edamos estar ante el nacimiento de una nueva etapa en la exploraci\u00f3n cient\u00edfica del interior de la Ant\u00e1rtida\u00bb.<\/p>\n<p><strong>POWERT POINT\u00a0<\/strong><strong>PRESENTACI\u00d3N:<\/strong><\/p>\n<p><strong>\u00a0<a href=\"http:\/\/issuu.com\/tierraspolares\/docs\/jornadasexpedicionacciona\">http:\/\/issuu.com\/tierraspolares\/docs\/jornadasexpedicionacciona<\/a><\/strong><\/p>\n<p>&nbsp;<\/p>\n<p>&nbsp;<\/p>\n<p>&nbsp;<\/p>\n","protected":false},"excerpt":{"rendered":"<p>Espa\u00f1a cuenta en estos momentos con dos base cient\u00edficas en la Ant\u00e1rtida: la Juan Carlos I (desde 1988), en la Isla de Livingston, y la Gabriel de Castilla\u00a0(desde 1989), en la Isla Decepci\u00f3n, ambas en las cercan\u00edas de la Pen\u00ednsula Ant\u00e1rtica. Conseguir estas bases fue un empe\u00f1o de los investigadores que acud\u00edan cada a\u00f1o al continente blanco y se han mantenido, hasta que la llegada de la crisis econ\u00f3mica y los recortes de hasta un 40% de los fondos destinados a I+D, han afectado al desarrollo de estas campa\u00f1as, reduci\u00e9ndose en 2013 a su m\u00ednima expresi\u00f3n tanto en personal como en tiempo. Algunos cient\u00edficos espa\u00f1oles buscan acomodo en bases continenteles de otros pa\u00edses en los que desarrollar sus proyectos, lo que no es f\u00e1cil de conseguir dado el alto nivel de competitividad y que, l\u00f3gicamente, cada pa\u00eds prioriza a sus nacionales. El Trineo de Viento supone una alternativa econ\u00f3mica para que los cient\u00edficos espa\u00f1oles puedan seguir trabajando en la Ant\u00e1rtida e incluso puedan viajar al coraz\u00f3n del continente para realizar sus trabajos de investigaci\u00f3n \u00a0sin que la inversi\u00f3n sea muy alta. El veh\u00edculo es f\u00e1cilmente transportable en el modelo de avi\u00f3n que viaja hasta la parte superior de la zona [&hellip;]<\/p>\n","protected":false},"author":1,"featured_media":0,"parent":0,"menu_order":0,"comment_status":"closed","ping_status":"closed","template":"","meta":{"footnotes":""},"class_list":["post-208","page","type-page","status-publish","hentry"],"_links":{"self":[{"href":"https:\/\/tierraspolares.es\/trineodeviento\/wp-json\/wp\/v2\/pages\/208","targetHints":{"allow":["GET"]}}],"collection":[{"href":"https:\/\/tierraspolares.es\/trineodeviento\/wp-json\/wp\/v2\/pages"}],"about":[{"href":"https:\/\/tierraspolares.es\/trineodeviento\/wp-json\/wp\/v2\/types\/page"}],"author":[{"embeddable":true,"href":"https:\/\/tierraspolares.es\/trineodeviento\/wp-json\/wp\/v2\/users\/1"}],"replies":[{"embeddable":true,"href":"https:\/\/tierraspolares.es\/trineodeviento\/wp-json\/wp\/v2\/comments?post=208"}],"version-history":[{"count":0,"href":"https:\/\/tierraspolares.es\/trineodeviento\/wp-json\/wp\/v2\/pages\/208\/revisions"}],"wp:attachment":[{"href":"https:\/\/tierraspolares.es\/trineodeviento\/wp-json\/wp\/v2\/media?parent=208"}],"curies":[{"name":"wp","href":"https:\/\/api.w.org\/{rel}","templated":true}]}}