{"id":2127,"date":"2016-04-20T01:06:03","date_gmt":"2016-04-19T23:06:03","guid":{"rendered":"http:\/\/uptobe.es\/tierraspolares\/trineodeviento\/?page_id=2127"},"modified":"2016-04-20T01:06:03","modified_gmt":"2016-04-19T23:06:03","slug":"tierras-polares","status":"publish","type":"page","link":"https:\/\/tierraspolares.es\/trineodeviento\/tierras-polares\/","title":{"rendered":"Tierras Polares"},"content":{"rendered":"<p>&nbsp;<\/p>\n<p><a href=\"https:\/\/tierraspolares.es\/trineodeviento\/wp-content\/uploads\/2019\/09\/Logo-TP-gift.gif\"><img decoding=\"async\" class=\"wp-image-4894 aligncenter lazyload\" data-src=\"https:\/\/tierraspolares.es\/trineodeviento\/wp-content\/uploads\/2019\/09\/Logo-TP-gift-242x300.gif\" alt=\"logo tierras polares\" width=\"144\" height=\"179\" src=\"data:image\/svg+xml;base64,PHN2ZyB3aWR0aD0iMSIgaGVpZ2h0PSIxIiB4bWxucz0iaHR0cDovL3d3dy53My5vcmcvMjAwMC9zdmciPjwvc3ZnPg==\" style=\"--smush-placeholder-width: 144px; --smush-placeholder-aspect-ratio: 144\/179;\" \/><\/a><\/p>\n<p><a href=\"https:\/\/www.tierraspolares.es\/\" target=\"_blank\" rel=\"noopener noreferrer\">Tierras Polares Viajes y Expediciones<\/a>, es y ha sido la principal patrocinadora de las expediciones del Trineo de Viento y de su desarrollo como eco-veh\u00edculo para la investigaci\u00f3n polar durante los 16 a\u00f1os de historia del proyecto.<\/p>\n<p>Fundada y dirigida por el explorador Ram\u00f3n Larramendi, Tierras Polares es una agencia de viajes pionera en los viajes de aventura y senderismo a los territorios cercanos a los polos, una especializaci\u00f3n que la ha convertido en un referente internacional para las y los viajeros que atra\u00eddos por conocer uno de los confines m\u00e1s inexplorados de la Tierra.<\/p>\n<p>En 2016, Tierras Polares ha sido la empresa patrocinadora 100% de la Expedici\u00f3n Cumbre de Hielo 2016 del Trineo de Viento, como ya lo fue de la que se desarroll\u00f3, con gran \u00e9xito, en 2014, cuando en 49 d\u00edas se recorrieron 4.300 kil\u00f3metros.<\/p>\n<p>Asimismo, es colaboradora habitual de las expediciones cient\u00edficas organizadas cada a\u00f1o por el equipo del proyecto Shelios, dirigido por el astr\u00f3nomo Miquel Serra-Ricart, del Instituto de Astrof\u00edsica de Canarias.<\/p>\n<p>Esta apuesta de Tierras Polares por la investigaci\u00f3n sostenible y creativa , contribuye a mejorar el conocimiento sobre el cambio clim\u00e1tico y, asimismo, a la conservaci\u00f3n de los territorios polares de la Tierra que muestra a \u00a0viajeros de todo el mundo.<\/p>\n<p>&nbsp;<\/p>\n","protected":false},"excerpt":{"rendered":"<p>&nbsp; Tierras Polares Viajes y Expediciones, es y ha sido la principal patrocinadora de las expediciones del Trineo de Viento y de su desarrollo como eco-veh\u00edculo para la investigaci\u00f3n polar durante los 16 a\u00f1os de historia del proyecto. Fundada y dirigida por el explorador Ram\u00f3n Larramendi, Tierras Polares es una agencia de viajes pionera en los viajes de aventura y senderismo a los territorios cercanos a los polos, una especializaci\u00f3n que la ha convertido en un referente internacional para las y los viajeros que atra\u00eddos por conocer uno de los confines m\u00e1s inexplorados de la Tierra. En 2016, Tierras Polares ha sido la empresa patrocinadora 100% de la Expedici\u00f3n Cumbre de Hielo 2016 del Trineo de Viento, como ya lo fue de la que se desarroll\u00f3, con gran \u00e9xito, en 2014, cuando en 49 d\u00edas se recorrieron 4.300 kil\u00f3metros. Asimismo, es colaboradora habitual de las expediciones cient\u00edficas organizadas cada a\u00f1o por el equipo del proyecto Shelios, dirigido por el astr\u00f3nomo Miquel Serra-Ricart, del Instituto de Astrof\u00edsica de Canarias. Esta apuesta de Tierras Polares por la investigaci\u00f3n sostenible y creativa , contribuye a mejorar el conocimiento sobre el cambio clim\u00e1tico y, asimismo, a la conservaci\u00f3n de los territorios polares de la [&hellip;]<\/p>\n","protected":false},"author":1,"featured_media":0,"parent":0,"menu_order":0,"comment_status":"closed","ping_status":"closed","template":"","meta":{"footnotes":""},"class_list":["post-2127","page","type-page","status-publish","hentry"],"_links":{"self":[{"href":"https:\/\/tierraspolares.es\/trineodeviento\/wp-json\/wp\/v2\/pages\/2127","targetHints":{"allow":["GET"]}}],"collection":[{"href":"https:\/\/tierraspolares.es\/trineodeviento\/wp-json\/wp\/v2\/pages"}],"about":[{"href":"https:\/\/tierraspolares.es\/trineodeviento\/wp-json\/wp\/v2\/types\/page"}],"author":[{"embeddable":true,"href":"https:\/\/tierraspolares.es\/trineodeviento\/wp-json\/wp\/v2\/users\/1"}],"replies":[{"embeddable":true,"href":"https:\/\/tierraspolares.es\/trineodeviento\/wp-json\/wp\/v2\/comments?post=2127"}],"version-history":[{"count":0,"href":"https:\/\/tierraspolares.es\/trineodeviento\/wp-json\/wp\/v2\/pages\/2127\/revisions"}],"wp:attachment":[{"href":"https:\/\/tierraspolares.es\/trineodeviento\/wp-json\/wp\/v2\/media?parent=2127"}],"curies":[{"name":"wp","href":"https:\/\/api.w.org\/{rel}","templated":true}]}}