{"id":2166,"date":"2016-04-22T12:22:45","date_gmt":"2016-04-22T10:22:45","guid":{"rendered":"http:\/\/uptobe.es\/tierraspolares\/trineodeviento\/?page_id=2166"},"modified":"2016-04-22T12:22:45","modified_gmt":"2016-04-22T10:22:45","slug":"hermenegildo-moreno","status":"publish","type":"page","link":"https:\/\/tierraspolares.es\/trineodeviento\/hermenegildo-moreno\/","title":{"rendered":"Hilo Moreno"},"content":{"rendered":"<p><a href=\"http:\/\/tierraspolares.es\/\/tierraspolares\/trineodeviento\/wp-content\/uploads\/2016\/04\/DSC_01221.jpg\"><img fetchpriority=\"high\" decoding=\"async\" class=\"aligncenter size-large wp-image-2170\" src=\"http:\/\/tierraspolares.es\/\/tierraspolares\/trineodeviento\/wp-content\/uploads\/2016\/04\/DSC_01221-1024x685.jpg\" alt=\"DSC_0122[1]\" width=\"1024\" height=\"685\" srcset=\"https:\/\/tierraspolares.es\/trineodeviento\/wp-content\/uploads\/2016\/04\/DSC_01221-1024x685.jpg 1024w, https:\/\/tierraspolares.es\/trineodeviento\/wp-content\/uploads\/2016\/04\/DSC_01221-300x201.jpg 300w, https:\/\/tierraspolares.es\/trineodeviento\/wp-content\/uploads\/2016\/04\/DSC_01221-768x514.jpg 768w, https:\/\/tierraspolares.es\/trineodeviento\/wp-content\/uploads\/2016\/04\/DSC_01221-1536x1028.jpg 1536w, https:\/\/tierraspolares.es\/trineodeviento\/wp-content\/uploads\/2016\/04\/DSC_01221-2048x1371.jpg 2048w, https:\/\/tierraspolares.es\/trineodeviento\/wp-content\/uploads\/2016\/04\/DSC_01221-600x400.jpg 600w\" sizes=\"(max-width: 1024px) 100vw, 1024px\" \/><\/a><\/p>\n<p>Hilo Moreno es gu\u00eda, monta\u00f1ero y aventurero de\u00a0\u00a0profesi\u00f3n. Desde 2008 \u00a0trabaja como t\u00e9cnico gu\u00eda de monta\u00f1a en la espa\u00f1ola Base Ant\u00e1rtica Juan Carlos I, \u00a0situada en la Isla Livingston durante las campa\u00f1as cient\u00edficas de cada a\u00f1o. Tiene una p\u00e1gina <a href=\"http:\/\/www.hilomoreno.com\/es\/\">web<\/a>\u00a0con su nombre a trav\u00e9s de la que informa de todos sus viajes y expediciones de alpinismo, escalada, con esqu\u00eds o en kayak. Ha viajado a inaccesibles parajes de Alaska, Groenlandia, Noruega, Patagonia, Canad\u00e1, Laponia, Finlandia o las islas Svalbard,\u00a0entre otros muchos destinos.<\/p>\n<p>Su primer contacto con el \u00c1rtico fue de la mano de Ram\u00f3n Larramendi en Groenlandia, cuando ten\u00eda 20 a\u00f1os. En aquella ocasi\u00f3n recorri\u00f3 en kayak \u00a0una zona del sur de la isla. Desde entonces ha sentido fascinaci\u00f3n por las zonas polares, lo que le finalmente le llev\u00f3 a trabajar en la basa ant\u00e1rtica espa\u00f1ola.<\/p>\n<p>Desde aquella primera incursi\u00f3n groenlandesa, se dedic\u00f3 profesionalmente al mundo de la \u00a0monta\u00f1a y los viajes de aventura en varias empresas y en muchos lugares de nuestro planeta. En\u00a02007, \u00a0junto con Jos\u00e9 Mijares, fueron los primeros espa\u00f1oles en atravesar el Campo de Hielo patag\u00f3nico norte. En abril de 2010, realiz\u00f3 una traves\u00eda en esqu\u00eds en las islas Svalbard, desde\u00a0Longyearbyen a Ny Alesund. En 2012, descendi\u00f3 en canoa\u00a0los 1.200 kil\u00f3metros del r\u00edo Porcupine entre Alaska y Canad\u00e1, as\u00ed como otros afluentes del Yuk\u00f3n. En\u00a0el a\u00f1o 2015 \u00a0tambi\u00e9n cruz\u00f3 de norte a sur Islandia.<\/p>\n<div>Hilo, adem\u00e1s, en los \u00faltimos a\u00f1os ha realizado numerosas traves\u00edas en Laponia, Canad\u00e1, Espa\u00f1a, el altiplano del Colorado y otros lugares, combinando medios de transporte no contaminantes y aut\u00f3nomos, \u00a0como kayaks hinchables, bicicletas o esqu\u00eds.<\/div>\n<p>En la actualidad, colabora con en el digital El Tiempo Hoy de Tele 5 con una secci\u00f3n llamada \u00abEl Explorador\u00bb.<\/p>\n<p>Vive habitualmente en Canad\u00e1.<\/p>\n<p>&nbsp;<\/p>\n","protected":false},"excerpt":{"rendered":"<p>Hilo Moreno es gu\u00eda, monta\u00f1ero y aventurero de\u00a0\u00a0profesi\u00f3n. Desde 2008 \u00a0trabaja como t\u00e9cnico gu\u00eda de monta\u00f1a en la espa\u00f1ola Base Ant\u00e1rtica Juan Carlos I, \u00a0situada en la Isla Livingston durante las campa\u00f1as cient\u00edficas de cada a\u00f1o. Tiene una p\u00e1gina web\u00a0con su nombre a trav\u00e9s de la que informa de todos sus viajes y expediciones de alpinismo, escalada, con esqu\u00eds o en kayak. Ha viajado a inaccesibles parajes de Alaska, Groenlandia, Noruega, Patagonia, Canad\u00e1, Laponia, Finlandia o las islas Svalbard,\u00a0entre otros muchos destinos. Su primer contacto con el \u00c1rtico fue de la mano de Ram\u00f3n Larramendi en Groenlandia, cuando ten\u00eda 20 a\u00f1os. En aquella ocasi\u00f3n recorri\u00f3 en kayak \u00a0una zona del sur de la isla. Desde entonces ha sentido fascinaci\u00f3n por las zonas polares, lo que le finalmente le llev\u00f3 a trabajar en la basa ant\u00e1rtica espa\u00f1ola. Desde aquella primera incursi\u00f3n groenlandesa, se dedic\u00f3 profesionalmente al mundo de la \u00a0monta\u00f1a y los viajes de aventura en varias empresas y en muchos lugares de nuestro planeta. En\u00a02007, \u00a0junto con Jos\u00e9 Mijares, fueron los primeros espa\u00f1oles en atravesar el Campo de Hielo patag\u00f3nico norte. En abril de 2010, realiz\u00f3 una traves\u00eda en esqu\u00eds en las islas Svalbard, desde\u00a0Longyearbyen a Ny Alesund. En 2012, [&hellip;]<\/p>\n","protected":false},"author":1,"featured_media":0,"parent":0,"menu_order":0,"comment_status":"closed","ping_status":"closed","template":"","meta":{"footnotes":""},"class_list":["post-2166","page","type-page","status-publish","hentry"],"_links":{"self":[{"href":"https:\/\/tierraspolares.es\/trineodeviento\/wp-json\/wp\/v2\/pages\/2166","targetHints":{"allow":["GET"]}}],"collection":[{"href":"https:\/\/tierraspolares.es\/trineodeviento\/wp-json\/wp\/v2\/pages"}],"about":[{"href":"https:\/\/tierraspolares.es\/trineodeviento\/wp-json\/wp\/v2\/types\/page"}],"author":[{"embeddable":true,"href":"https:\/\/tierraspolares.es\/trineodeviento\/wp-json\/wp\/v2\/users\/1"}],"replies":[{"embeddable":true,"href":"https:\/\/tierraspolares.es\/trineodeviento\/wp-json\/wp\/v2\/comments?post=2166"}],"version-history":[{"count":0,"href":"https:\/\/tierraspolares.es\/trineodeviento\/wp-json\/wp\/v2\/pages\/2166\/revisions"}],"wp:attachment":[{"href":"https:\/\/tierraspolares.es\/trineodeviento\/wp-json\/wp\/v2\/media?parent=2166"}],"curies":[{"name":"wp","href":"https:\/\/api.w.org\/{rel}","templated":true}]}}