{"id":2174,"date":"2016-04-22T13:36:02","date_gmt":"2016-04-22T11:36:02","guid":{"rendered":"http:\/\/uptobe.es\/tierraspolares\/trineodeviento\/?page_id=2174"},"modified":"2016-04-22T13:36:02","modified_gmt":"2016-04-22T11:36:02","slug":"manuel-olivera","status":"publish","type":"page","link":"https:\/\/tierraspolares.es\/trineodeviento\/manuel-olivera\/","title":{"rendered":"Manuel Olivera"},"content":{"rendered":"<p>&nbsp;<\/p>\n<p><a href=\"http:\/\/tierraspolares.es\/\/tierraspolares\/trineodeviento\/wp-content\/uploads\/2014\/05\/manuel.jpg\"><img fetchpriority=\"high\" decoding=\"async\" class=\"aligncenter  wp-image-1556\" src=\"http:\/\/tierraspolares.es\/\/tierraspolares\/trineodeviento\/wp-content\/uploads\/2014\/05\/manuel.jpg\" alt=\"manuel\" width=\"571\" height=\"341\" srcset=\"https:\/\/tierraspolares.es\/trineodeviento\/wp-content\/uploads\/2014\/05\/manuel.jpg 743w, https:\/\/tierraspolares.es\/trineodeviento\/wp-content\/uploads\/2014\/05\/manuel-300x179.jpg 300w\" sizes=\"(max-width: 571px) 100vw, 571px\" \/><\/a><\/p>\n<p>Mallorqu\u00edn de origen, Manuel Olivera se gradu\u00f3 como ingeniero industrial por la Universidad Polit\u00e9cnica de Madrid. Posteriormente, realiz\u00f3 el\u00a0Master de Ciencia en Ingenier\u00eda Civil por la USC, de California.\u00a0Desde muy joven se sinti\u00f3 atra\u00eddo por la monta\u00f1a y la aventura.<\/p>\n<p>En \u00a01987 fue el jefe de expedici\u00f3n Escuela T\u00e9cnica de Ingenieros Industriales de la UPM a los Andes del Per\u00fa. Al a\u00f1o siguiente, recorri\u00f3 la costa cant\u00e1brica en kayak con Ram\u00f3n Larramendi. Dos a\u00f1os despu\u00e9s particip\u00f3 con Ram\u00f3n Larramendi en la Expedici\u00f3n Circumpolar Mapfre 1990-1993. Juntos realizaron miles de kil\u00f3metros de recorrido en tres periodos diferentes, con un total de 16 meses (el m\u00e1s largo de un a\u00f1o).<\/p>\n<p>Desde 1994, trabaja en la empresa Ferrovial, donde ocupa el cargo de director internacional del Servicio de Maquinaria.\u00a0En la 1\u00aa Circunnavegaci\u00f3n de Groenlandia 2014, Olivera fue el responsable de las comunicaciones y de la direcci\u00f3n de los proyectos cient\u00edficos.<\/p>\n<p>&nbsp;<\/p>\n","protected":false},"excerpt":{"rendered":"<p>&nbsp; Mallorqu\u00edn de origen, Manuel Olivera se gradu\u00f3 como ingeniero industrial por la Universidad Polit\u00e9cnica de Madrid. Posteriormente, realiz\u00f3 el\u00a0Master de Ciencia en Ingenier\u00eda Civil por la USC, de California.\u00a0Desde muy joven se sinti\u00f3 atra\u00eddo por la monta\u00f1a y la aventura. En \u00a01987 fue el jefe de expedici\u00f3n Escuela T\u00e9cnica de Ingenieros Industriales de la UPM a los Andes del Per\u00fa. Al a\u00f1o siguiente, recorri\u00f3 la costa cant\u00e1brica en kayak con Ram\u00f3n Larramendi. Dos a\u00f1os despu\u00e9s particip\u00f3 con Ram\u00f3n Larramendi en la Expedici\u00f3n Circumpolar Mapfre 1990-1993. Juntos realizaron miles de kil\u00f3metros de recorrido en tres periodos diferentes, con un total de 16 meses (el m\u00e1s largo de un a\u00f1o). Desde 1994, trabaja en la empresa Ferrovial, donde ocupa el cargo de director internacional del Servicio de Maquinaria.\u00a0En la 1\u00aa Circunnavegaci\u00f3n de Groenlandia 2014, Olivera fue el responsable de las comunicaciones y de la direcci\u00f3n de los proyectos cient\u00edficos. &nbsp;<\/p>\n","protected":false},"author":1,"featured_media":0,"parent":0,"menu_order":0,"comment_status":"closed","ping_status":"closed","template":"","meta":{"footnotes":""},"class_list":["post-2174","page","type-page","status-publish","hentry"],"_links":{"self":[{"href":"https:\/\/tierraspolares.es\/trineodeviento\/wp-json\/wp\/v2\/pages\/2174","targetHints":{"allow":["GET"]}}],"collection":[{"href":"https:\/\/tierraspolares.es\/trineodeviento\/wp-json\/wp\/v2\/pages"}],"about":[{"href":"https:\/\/tierraspolares.es\/trineodeviento\/wp-json\/wp\/v2\/types\/page"}],"author":[{"embeddable":true,"href":"https:\/\/tierraspolares.es\/trineodeviento\/wp-json\/wp\/v2\/users\/1"}],"replies":[{"embeddable":true,"href":"https:\/\/tierraspolares.es\/trineodeviento\/wp-json\/wp\/v2\/comments?post=2174"}],"version-history":[{"count":0,"href":"https:\/\/tierraspolares.es\/trineodeviento\/wp-json\/wp\/v2\/pages\/2174\/revisions"}],"wp:attachment":[{"href":"https:\/\/tierraspolares.es\/trineodeviento\/wp-json\/wp\/v2\/media?parent=2174"}],"curies":[{"name":"wp","href":"https:\/\/api.w.org\/{rel}","templated":true}]}}