{"id":2231,"date":"2016-04-25T12:21:23","date_gmt":"2016-04-25T10:21:23","guid":{"rendered":"http:\/\/uptobe.es\/tierraspolares\/trineodeviento\/?page_id=2231"},"modified":"2016-04-25T12:21:23","modified_gmt":"2016-04-25T10:21:23","slug":"asesor-cientifico-jason-box","status":"publish","type":"page","link":"https:\/\/tierraspolares.es\/trineodeviento\/asesor-cientifico-jason-box\/","title":{"rendered":"Asesor cient\u00edfico: Jason Box"},"content":{"rendered":"<p><a href=\"http:\/\/tierraspolares.es\/\/tierraspolares\/trineodeviento\/wp-content\/uploads\/2016\/04\/JasonBox2.jpg\"><img fetchpriority=\"high\" decoding=\"async\" class=\"aligncenter size-full wp-image-2232\" src=\"http:\/\/tierraspolares.es\/\/tierraspolares\/trineodeviento\/wp-content\/uploads\/2016\/04\/JasonBox2.jpg\" alt=\"JasonBox2\" width=\"1269\" height=\"1065\" srcset=\"https:\/\/tierraspolares.es\/trineodeviento\/wp-content\/uploads\/2016\/04\/JasonBox2.jpg 1269w, https:\/\/tierraspolares.es\/trineodeviento\/wp-content\/uploads\/2016\/04\/JasonBox2-300x252.jpg 300w, https:\/\/tierraspolares.es\/trineodeviento\/wp-content\/uploads\/2016\/04\/JasonBox2-1024x859.jpg 1024w, https:\/\/tierraspolares.es\/trineodeviento\/wp-content\/uploads\/2016\/04\/JasonBox2-768x645.jpg 768w\" sizes=\"(max-width: 1269px) 100vw, 1269px\" \/><\/a><\/p>\n<p>El cient\u00edfico norteamericano Jason Eric Box, es hoy una de los m\u00e1s reconocidos cient\u00edficos \u00a0en investigaciones sobre el cambio clim\u00e1tico a nivel mundial. Profesor de Glaciolog\u00eda en el Servicio Geol\u00f3gico de Dinamarca y Groenlandia, cuenta en su haber con m\u00e1s de 60 publicaciones relacionadas con la interacciones entre el clima y el hielo. Durante cinco a\u00f1os\u00a0(2008-2012) el autor principal de la secci\u00f3n dedicada a Groenlandia en el informe anual \u00abState of the Climate\u00bb de la <a href=\"http:\/\/www.noaa.gov\/\">NOAA<\/a> del informe clim\u00e1tico y fue tambi\u00e9n uno de los autores del cuarto informe del Panel Intergubernamental de Expertos sobre Cambio Clim\u00e1tico (IPCC), publicado en 2007, colaborando con muchos otros cient\u00edficos en el Nobel de la Paz que consigui\u00f3 el Panel ese mismo a\u00f1o.<\/p>\n<p>Despu\u00e9s de trabajar durante 10 a\u00f1os (2002-2012) en <a href=\"http:\/\/bpcrc.osu.edu\/\">Byrd Polar Research Center<\/a> de la Universidad Estatal de Ohio (Estados Unidos), Box se traslad\u00f3 a Dinamarca, como profesor de Climatolog\u00eda y Geograf\u00eda, donde contin\u00faa.<\/p>\n<p>Desde 1994, ha\u00a0realizado m\u00e1s de 20 expediciones a Groenlandia, pasando en total m\u00e1s de un a\u00f1o de su vida sobre el hielo de la isla \u00e1rtica.\u00a0Entre sus m\u00faltiples proyectos se encuentra el <a href=\"http:\/\/darksnowproject.org\/\">Dark Snow Project<\/a>, el primero en la historia que ha conseguido financiaci\u00f3n p\u00fablica por donaciones a trav\u00e9s de internet para financiar una expedici\u00f3n al \u00c1rtico con el objetivo de investigar el deshielo y sensibilizar sobre el impacto de los gases de efecto invernadero generados por el ser humano. En este viaje, en 2014, descubri\u00f3 sorprendentes zonas de hielo negro<\/p>\n<p>Box es, adem\u00e1s, uno de los miembros del equipo de trabajo de campo del proyecto <a href=\"https:\/\/en.wikipedia.org\/wiki\/Extreme_Ice_Survey\">Extreme ice Survey<\/a>\u00a0del fotoperiodista James Balong, que documenta el cambio clim\u00e1tico a trav\u00e9s de las transformaciones en los glaciares de todo el mundo, con ese mismo af\u00e1n cient\u00edfico y divulgativo.<\/p>\n<p>Adem\u00e1s, es ex presidente del grupo sobre la Criosfera en la\u00a0<a title=\"American Geophysical Union\" href=\"https:\/\/en.wikipedia.org\/wiki\/American_Geophysical_Union\">American Geophysical Union<\/a>, de la que es miembro.<\/p>\n<p>Thomas Painter, del Jet Propulsion Laboratory de la NASA ha dicho de \u00e9l que \u00abtiene una cualidad muy importante como cient\u00edfico\u00bb y es que \u00abest\u00e1 dispuesto a decir cosas locas y empujar los l\u00edmites de la sabidur\u00eda convencional\u00bb.<\/p>\n<p>&nbsp;<\/p>\n","protected":false},"excerpt":{"rendered":"<p>El cient\u00edfico norteamericano Jason Eric Box, es hoy una de los m\u00e1s reconocidos cient\u00edficos \u00a0en investigaciones sobre el cambio clim\u00e1tico a nivel mundial. Profesor de Glaciolog\u00eda en el Servicio Geol\u00f3gico de Dinamarca y Groenlandia, cuenta en su haber con m\u00e1s de 60 publicaciones relacionadas con la interacciones entre el clima y el hielo. Durante cinco a\u00f1os\u00a0(2008-2012) el autor principal de la secci\u00f3n dedicada a Groenlandia en el informe anual \u00abState of the Climate\u00bb de la NOAA del informe clim\u00e1tico y fue tambi\u00e9n uno de los autores del cuarto informe del Panel Intergubernamental de Expertos sobre Cambio Clim\u00e1tico (IPCC), publicado en 2007, colaborando con muchos otros cient\u00edficos en el Nobel de la Paz que consigui\u00f3 el Panel ese mismo a\u00f1o. Despu\u00e9s de trabajar durante 10 a\u00f1os (2002-2012) en Byrd Polar Research Center de la Universidad Estatal de Ohio (Estados Unidos), Box se traslad\u00f3 a Dinamarca, como profesor de Climatolog\u00eda y Geograf\u00eda, donde contin\u00faa. Desde 1994, ha\u00a0realizado m\u00e1s de 20 expediciones a Groenlandia, pasando en total m\u00e1s de un a\u00f1o de su vida sobre el hielo de la isla \u00e1rtica.\u00a0Entre sus m\u00faltiples proyectos se encuentra el Dark Snow Project, el primero en la historia que ha conseguido financiaci\u00f3n p\u00fablica por donaciones a [&hellip;]<\/p>\n","protected":false},"author":1,"featured_media":0,"parent":0,"menu_order":0,"comment_status":"closed","ping_status":"closed","template":"","meta":{"footnotes":""},"class_list":["post-2231","page","type-page","status-publish","hentry"],"_links":{"self":[{"href":"https:\/\/tierraspolares.es\/trineodeviento\/wp-json\/wp\/v2\/pages\/2231","targetHints":{"allow":["GET"]}}],"collection":[{"href":"https:\/\/tierraspolares.es\/trineodeviento\/wp-json\/wp\/v2\/pages"}],"about":[{"href":"https:\/\/tierraspolares.es\/trineodeviento\/wp-json\/wp\/v2\/types\/page"}],"author":[{"embeddable":true,"href":"https:\/\/tierraspolares.es\/trineodeviento\/wp-json\/wp\/v2\/users\/1"}],"replies":[{"embeddable":true,"href":"https:\/\/tierraspolares.es\/trineodeviento\/wp-json\/wp\/v2\/comments?post=2231"}],"version-history":[{"count":0,"href":"https:\/\/tierraspolares.es\/trineodeviento\/wp-json\/wp\/v2\/pages\/2231\/revisions"}],"wp:attachment":[{"href":"https:\/\/tierraspolares.es\/trineodeviento\/wp-json\/wp\/v2\/media?parent=2231"}],"curies":[{"name":"wp","href":"https:\/\/api.w.org\/{rel}","templated":true}]}}