{"id":278,"date":"2013-12-18T12:38:00","date_gmt":"2013-12-18T12:38:00","guid":{"rendered":"http:\/\/uptobe.es\/tierraspolares\/trineodeviento\/?page_id=278"},"modified":"2013-12-18T12:38:00","modified_gmt":"2013-12-18T12:38:00","slug":"ignacio-oficialdegui","status":"publish","type":"page","link":"https:\/\/tierraspolares.es\/trineodeviento\/ignacio-oficialdegui\/","title":{"rendered":"Ignacio Oficialdegui L\u00f3pez"},"content":{"rendered":"<p style=\"text-align: center;\"><a href=\"http:\/\/tierraspolares.es\/\/tierraspolares\/trineodeviento\/wp-content\/uploads\/2013\/12\/accionantartida-001104.jpg\"><img fetchpriority=\"high\" decoding=\"async\" class=\"aligncenter  wp-image-299\" alt=\"accionantartida-001104\" src=\"http:\/\/tierraspolares.es\/\/tierraspolares\/trineodeviento\/wp-content\/uploads\/2013\/12\/accionantartida-001104-1024x682.jpg\" width=\"922\" height=\"614\" \/><\/a><\/p>\n<div>\n<p>Ignacio Oficialdegui naci\u00f3 en Pamplona. B<span style=\"font-size: 13px; line-height: 19px;\">i\u00f3logo de formaci\u00f3n y m\u00e1ster en evaluaci\u00f3n de impactos ambientales, su vida\u00a0profesional la inici\u00f3 en otro \u00e1mbito muy distinto: el mundo de la cooperaci\u00f3n internacional.\u00a0A los\u00a028\u00a0a\u00f1os, Oficialdegui ya era gerente de un hospital en el centro de \u00c1frica: el Hospital de Nemba, en Ruanda, puesto en marcha por\u00a0<\/span><i style=\"font-size: 13px; line-height: 19px;\">M<\/i><i style=\"font-size: 13px; line-height: 19px;\">edicus<\/i><i style=\"font-size: 13px; line-height: 19px;\">\u00a0Mundi. <\/i><span style=\"font-size: 13px; line-height: 19px;\">A\u00fan hoy sigue fuertemente relacionado con esta asociaci\u00f3n, ahora como presidente en Navarra.\u00a0<\/span><\/p>\n<p><span style=\"font-size: 13px; line-height: 19px;\">Ya antes de ocupar \u00a0ese puesto en Ruanda hab\u00eda vivido\u00a0un intenso periodo involucrado en labores de log\u00edstica humanitaria en el conflicto civil que asol\u00f3 la antigua Yugoslavia. De all\u00ed se fue a\u00a0Zimbabwe,\u00a0dentro de un proyecto educativo en la apartada\u00a0regi\u00f3n de Hwange.<\/span><\/p>\n<\/div>\n<div>\n<p>A su vuelta a Espa\u00f1a,\u00a0su inquietud por los temas medioambientales le introdujo en el sector de las energ\u00edas renovables, un sector econ\u00f3mico entonces en auge en Espa\u00f1a. Lleg\u00f3 a ser responsable\u00a0de prospecci\u00f3n internacional de parques e\u00f3licos en la empresa EHN durante\u00a08\u00a0a\u00f1os,\u00a0lo que le llev\u00f3 en busca del viento por todos los rincones del mundo,\u00a0para pasar despu\u00e9s a la empresa Acciona, como director del Departamento de Recursos Energ\u00e9ticos. Actualmente Oficialdegui sigue ligado al reto del cambio del modelo energ\u00e9tico, es MBA en Econom\u00eda Sostenible y dirige el departamento de Proyectos y Ofertas de Acciona Energ\u00eda.<\/p>\n<p>Pero m\u00e1s all\u00e1 de su vocaci\u00f3n humanista y medioambiental, Oficialdegui es un explorador de nuevos retos. Lleva m\u00e1s de\u00a030 a\u00f1os practicando alpinismo y\u00a0ha realizado escaladas\u00a0y exploraciones\u00a0en los\u00a0macizos y regiones \u00a0m\u00e1s importantes de Europa, Groenlandia y \u00c1frica. Sus inquietudes le embarcaron en la aventura de descubrir lo que escond\u00edan las extremas regiones polares, despu\u00e9s de conocer a Ram\u00f3n Larramendi en Groenlandia en el a\u00f1o 2000.\u00a0Por aquellas fechas Ram\u00f3n ya trabajaba en el proyecto del Wind sledge e Ignacio empez\u00f3 a colaborar \u00a0con \u00e9l en la soluci\u00f3n de los problemas de generaci\u00f3n de electricidad en un medio tan complicado y de una manera limpia.<\/p>\n<p>Pocos a\u00f1os despu\u00e9s,\u00a0en 2004,\u00a0la pasi\u00f3n por el \u00c1rtico ya estaba totalmente contagiada e Ignacio\u00a0alcanz\u00f3,\u00a0junto con tres amigos de la infancia,\u00a0el Polo Norte Geogr\u00e1fico.<\/p>\n<p>Unos meses despu\u00e9s, a finales de 2005, e invitado por Ram\u00f3n Larramendi, se convirti\u00f3 en uno de los tres miembros de la expedici\u00f3n Transant\u00e1rtica Espa\u00f1ola, la primera\u00a0\u00a0gran\u00a0traves\u00eda de la Ant\u00e1rtida Oriental\u00a0que se realiz\u00f3 utilizando un veh\u00edculo movido por el\u00a0\u00a0Viento. Alcanzaron el Polo Sur de Inaccesibilidad y el Polo del Fr\u00edo, batiendo r\u00e9cords de distancia y velocidad en las regiones polares.\u00a0\u00a0Volver\u00eda en 2009 a la Ant\u00e1rtida para llegar en una nueva expedici\u00f3n al Polo Sur Geogr\u00e1fico patrocinada por La Caixa, con Larramendi y tres personas con discapacidad: \u201cPolo Sur sin l\u00edmites\u201d.<\/p>\n<p>En 2011-2012, se uni\u00f3 a la nueva expedici\u00f3n ant\u00e1rtica dirigida por \u00a0Larramendi: la Expedici\u00f3n Acciona Windpowered Ant\u00e1rtida, como responsable de log\u00edstica sobre el terreno. En este viaje volvi\u00f3 a atravesar el continente ant\u00e1rtico siendo\u00a0\u00a0la m\u00e1s r\u00e1pida de la Historia en llegar al Polo Sur por medios no mecanizados.<\/p>\n<p>Ignacio Oficialdegui comparte su vida con su mujer, Celina\u00a0\u00a0y sus tres hijos, Ane, Mat\u00edas y Ra\u00fal.<\/p>\n<\/div>\n<div>\n<p>&nbsp;<\/p>\n<\/div>\n","protected":false},"excerpt":{"rendered":"<p>Ignacio Oficialdegui naci\u00f3 en Pamplona. Bi\u00f3logo de formaci\u00f3n y m\u00e1ster en evaluaci\u00f3n de impactos ambientales, su vida\u00a0profesional la inici\u00f3 en otro \u00e1mbito muy distinto: el mundo de la cooperaci\u00f3n internacional.\u00a0A los\u00a028\u00a0a\u00f1os, Oficialdegui ya era gerente de un hospital en el centro de \u00c1frica: el Hospital de Nemba, en Ruanda, puesto en marcha por\u00a0Medicus\u00a0Mundi. A\u00fan hoy sigue fuertemente relacionado con esta asociaci\u00f3n, ahora como presidente en Navarra.\u00a0 Ya antes de ocupar \u00a0ese puesto en Ruanda hab\u00eda vivido\u00a0un intenso periodo involucrado en labores de log\u00edstica humanitaria en el conflicto civil que asol\u00f3 la antigua Yugoslavia. De all\u00ed se fue a\u00a0Zimbabwe,\u00a0dentro de un proyecto educativo en la apartada\u00a0regi\u00f3n de Hwange. A su vuelta a Espa\u00f1a,\u00a0su inquietud por los temas medioambientales le introdujo en el sector de las energ\u00edas renovables, un sector econ\u00f3mico entonces en auge en Espa\u00f1a. Lleg\u00f3 a ser responsable\u00a0de prospecci\u00f3n internacional de parques e\u00f3licos en la empresa EHN durante\u00a08\u00a0a\u00f1os,\u00a0lo que le llev\u00f3 en busca del viento por todos los rincones del mundo,\u00a0para pasar despu\u00e9s a la empresa Acciona, como director del Departamento de Recursos Energ\u00e9ticos. Actualmente Oficialdegui sigue ligado al reto del cambio del modelo energ\u00e9tico, es MBA en Econom\u00eda Sostenible y dirige el departamento de Proyectos y Ofertas de Acciona [&hellip;]<\/p>\n","protected":false},"author":1,"featured_media":0,"parent":0,"menu_order":0,"comment_status":"closed","ping_status":"closed","template":"","meta":{"footnotes":""},"class_list":["post-278","page","type-page","status-publish","hentry"],"_links":{"self":[{"href":"https:\/\/tierraspolares.es\/trineodeviento\/wp-json\/wp\/v2\/pages\/278","targetHints":{"allow":["GET"]}}],"collection":[{"href":"https:\/\/tierraspolares.es\/trineodeviento\/wp-json\/wp\/v2\/pages"}],"about":[{"href":"https:\/\/tierraspolares.es\/trineodeviento\/wp-json\/wp\/v2\/types\/page"}],"author":[{"embeddable":true,"href":"https:\/\/tierraspolares.es\/trineodeviento\/wp-json\/wp\/v2\/users\/1"}],"replies":[{"embeddable":true,"href":"https:\/\/tierraspolares.es\/trineodeviento\/wp-json\/wp\/v2\/comments?post=278"}],"version-history":[{"count":0,"href":"https:\/\/tierraspolares.es\/trineodeviento\/wp-json\/wp\/v2\/pages\/278\/revisions"}],"wp:attachment":[{"href":"https:\/\/tierraspolares.es\/trineodeviento\/wp-json\/wp\/v2\/media?parent=278"}],"curies":[{"name":"wp","href":"https:\/\/api.w.org\/{rel}","templated":true}]}}