{"id":3037,"date":"2017-01-20T17:35:51","date_gmt":"2017-01-20T16:35:51","guid":{"rendered":"http:\/\/uptobe.es\/tierraspolares\/trineodeviento\/?page_id=3037"},"modified":"2017-01-20T17:35:51","modified_gmt":"2017-01-20T16:35:51","slug":"groenlandia-100xciencia","status":"publish","type":"page","link":"https:\/\/tierraspolares.es\/trineodeviento\/groenlandia-100xciencia\/","title":{"rendered":"R\u00edo de Hielo Groenlandia 2017"},"content":{"rendered":"<div id=\"tw-container\" class=\"vk_c\" data-cp=\"1\" data-exp=\"1\" data-nnttsvi=\"1\" data-rf=\"1\" data-sm=\"1\" data-sugg-url=\"https:\/\/clients1.google.es\/complete\/search\" data-uilc=\"es\" data-ulf=\"1\">\n<div id=\"uid_0\" class=\"r-iyJYD3UB3_L0 xpdbox xpdclose\">\n<div class=\"vk_bk r-iVlcrmxiSc6c\">\n<div id=\"tw-ob\">\n<div class=\"_Ejb\">\n<div id=\"tw-target\">\n<div id=\"tw-target-text-container\" class=\"tw-ta-container tw-nfl\">\n<p class=\"tw-data-text tw-ta tw-text-small\" dir=\"ltr\" data-placeholder=\"Traducci\u00f3n\"><a href=\"http:\/\/tierraspolares.es\/\/tierraspolares\/trineodeviento\/wp-content\/uploads\/2017\/01\/13502642_1237257829619079_6539852119065533409_o.jpg\"><img decoding=\"async\" class=\"aligncenter size-medium_large wp-image-3038 lazyload\" data-src=\"http:\/\/tierraspolares.es\/\/tierraspolares\/trineodeviento\/wp-content\/uploads\/2017\/01\/13502642_1237257829619079_6539852119065533409_o-768x510.jpg\" alt=\"\" src=\"data:image\/svg+xml;base64,PHN2ZyB3aWR0aD0iMSIgaGVpZ2h0PSIxIiB4bWxucz0iaHR0cDovL3d3dy53My5vcmcvMjAwMC9zdmciPjwvc3ZnPg==\" style=\"--smush-placeholder-width: 768px; --smush-placeholder-aspect-ratio: 768\/510;\" \/><\/a><\/p>\n<p class=\"tw-data-text tw-ta tw-text-small\" dir=\"ltr\" data-placeholder=\"Traducci\u00f3n\">La expedici\u00f3n \u00a0<b>R\u00edo de Hielo Groenlandia 2017<\/b>\u00a0es la primera expedici\u00f3n del Trineo de Viento, en su configuraci\u00f3n completa, con un \u00fanico objetivo: <a href=\"http:\/\/tierraspolares.es\/\/tierraspolares\/trineodeviento\/ciencia-en-la-expedicion-rio-de-hielo-2017\/\">hacer ciencia internacional en el interior de Groenlandia,<\/a> \u00a0en una de las zona m\u00e1s inexploradas del planeta, pero cuya situaci\u00f3n tiene un gran impacto en zonas a decenas de miles de kil\u00f3metros. Esta expedici\u00f3n en la primavera de 2017. El Trineo de Viento participa de los proyectos de la base internacional <a href=\"http:\/\/tierraspolares.es\/\/tierraspolares\/trineodeviento\/la-base-del-artico-east-grip\/\">East GRIP<\/a>, sobre la m\u00e1s r\u00e1pida corriente de hielo de Groenlandia, desde la que se descargan icebergs al oc\u00e9ano. Participan varios <a href=\"http:\/\/tierraspolares.es\/\/tierraspolares\/trineodeviento\/investigadores-rio-de-hielo-groenlandia-2017\/\">grupos cient\u00edficos nacionales e internacionales<\/a>.<\/p>\n<p class=\"tw-data-text tw-ta tw-text-small\" dir=\"ltr\" data-placeholder=\"Traducci\u00f3n\">La ruta de navegaci\u00f3n est\u00e1 previsto que discurra desde el sur hasta el norte de Groenlandia, atravesando la isla hasta su parte noreste, hasta situarse sobre <a href=\"http:\/\/tierraspolares.es\/\/tierraspolares\/trineodeviento\/el-rio-de-hielo-de-groenlandia\/\">una gigantesca corriente de hielo en movimiento<\/a>. Durante la misma, se realizar\u00e1n trabajos de investigaci\u00f3n para el equipo del glaci\u00f3logo norteamericano <a href=\"http:\/\/tierraspolares.es\/\/tierraspolares\/trineodeviento\/asesor-cientifico-jason-box\/\">Jason Box<\/a> y otros investigadores espa\u00f1oles. Est\u00e1 previsto que vayan a bordo cuatro tripulantes, incluido el director de la expedici\u00f3n, Ram\u00f3n Larramendi. Uno de ellos es el cient\u00edfico australiano-americano Ross Edwards.<\/p>\n<p class=\"tw-data-text tw-ta tw-text-small\" dir=\"ltr\" data-placeholder=\"Traducci\u00f3n\"><a href=\"http:\/\/tierraspolares.es\/\/tierraspolares\/trineodeviento\/wp-content\/uploads\/2017\/01\/GROENLANDIA2017-1-001.jpg\"><img fetchpriority=\"high\" decoding=\"async\" width=\"622\" height=\"874\" class=\"size-full wp-image-3294 aligncenter\" src=\"http:\/\/tierraspolares.es\/\/tierraspolares\/trineodeviento\/wp-content\/uploads\/2017\/01\/GROENLANDIA2017-1-001.jpg\" alt=\"\" srcset=\"https:\/\/tierraspolares.es\/trineodeviento\/wp-content\/uploads\/2017\/01\/GROENLANDIA2017-1-001.jpg 622w, https:\/\/tierraspolares.es\/trineodeviento\/wp-content\/uploads\/2017\/01\/GROENLANDIA2017-1-001-214x300.jpg 214w\" sizes=\"(max-width: 622px) 100vw, 622px\" \/><\/a><\/p>\n<p id=\"tw-target-text\" class=\"tw-data-text tw-ta tw-text-small\" dir=\"ltr\" data-placeholder=\"Traducci\u00f3n\"><span lang=\"es\">\u00a0<\/span><\/p>\n<\/div>\n<\/div>\n<\/div>\n<\/div>\n<\/div>\n<\/div>\n<\/div>\n","protected":false},"excerpt":{"rendered":"<p>La expedici\u00f3n \u00a0R\u00edo de Hielo Groenlandia 2017\u00a0es la primera expedici\u00f3n del Trineo de Viento, en su configuraci\u00f3n completa, con un \u00fanico objetivo: hacer ciencia internacional en el interior de Groenlandia, \u00a0en una de las zona m\u00e1s inexploradas del planeta, pero cuya situaci\u00f3n tiene un gran impacto en zonas a decenas de miles de kil\u00f3metros. Esta expedici\u00f3n en la primavera de 2017. El Trineo de Viento participa de los proyectos de la base internacional East GRIP, sobre la m\u00e1s r\u00e1pida corriente de hielo de Groenlandia, desde la que se descargan icebergs al oc\u00e9ano. Participan varios grupos cient\u00edficos nacionales e internacionales. La ruta de navegaci\u00f3n est\u00e1 previsto que discurra desde el sur hasta el norte de Groenlandia, atravesando la isla hasta su parte noreste, hasta situarse sobre una gigantesca corriente de hielo en movimiento. Durante la misma, se realizar\u00e1n trabajos de investigaci\u00f3n para el equipo del glaci\u00f3logo norteamericano Jason Box y otros investigadores espa\u00f1oles. Est\u00e1 previsto que vayan a bordo cuatro tripulantes, incluido el director de la expedici\u00f3n, Ram\u00f3n Larramendi. Uno de ellos es el cient\u00edfico australiano-americano Ross Edwards. \u00a0<\/p>\n","protected":false},"author":1,"featured_media":0,"parent":0,"menu_order":0,"comment_status":"closed","ping_status":"closed","template":"","meta":{"footnotes":""},"class_list":["post-3037","page","type-page","status-publish","hentry"],"_links":{"self":[{"href":"https:\/\/tierraspolares.es\/trineodeviento\/wp-json\/wp\/v2\/pages\/3037","targetHints":{"allow":["GET"]}}],"collection":[{"href":"https:\/\/tierraspolares.es\/trineodeviento\/wp-json\/wp\/v2\/pages"}],"about":[{"href":"https:\/\/tierraspolares.es\/trineodeviento\/wp-json\/wp\/v2\/types\/page"}],"author":[{"embeddable":true,"href":"https:\/\/tierraspolares.es\/trineodeviento\/wp-json\/wp\/v2\/users\/1"}],"replies":[{"embeddable":true,"href":"https:\/\/tierraspolares.es\/trineodeviento\/wp-json\/wp\/v2\/comments?post=3037"}],"version-history":[{"count":0,"href":"https:\/\/tierraspolares.es\/trineodeviento\/wp-json\/wp\/v2\/pages\/3037\/revisions"}],"wp:attachment":[{"href":"https:\/\/tierraspolares.es\/trineodeviento\/wp-json\/wp\/v2\/media?parent=3037"}],"curies":[{"name":"wp","href":"https:\/\/api.w.org\/{rel}","templated":true}]}}