{"id":3302,"date":"2017-04-27T15:56:38","date_gmt":"2017-04-27T13:56:38","guid":{"rendered":"http:\/\/uptobe.es\/tierraspolares\/trineodeviento\/?page_id=3302"},"modified":"2017-04-27T15:56:38","modified_gmt":"2017-04-27T13:56:38","slug":"investigadores-rio-de-hielo-groenlandia-2017","status":"publish","type":"page","link":"https:\/\/tierraspolares.es\/trineodeviento\/investigadores-rio-de-hielo-groenlandia-2017\/","title":{"rendered":"Investigadores R\u00edo de Hielo Groenlandia 2017"},"content":{"rendered":"<p><strong>JASON BOX (Universidad de Copenhague- Servicio Geol\u00f3gico Dan\u00e9s)<\/strong><\/p>\n<p><a href=\"http:\/\/tierraspolares.es\/\/tierraspolares\/trineodeviento\/wp-content\/uploads\/2016\/04\/JasonBox2.jpg\"><img fetchpriority=\"high\" decoding=\"async\" class=\"alignleft wp-image-2232\" src=\"http:\/\/tierraspolares.es\/\/tierraspolares\/trineodeviento\/wp-content\/uploads\/2016\/04\/JasonBox2-768x645.jpg\" alt=\"\" width=\"303\" height=\"255\" srcset=\"https:\/\/tierraspolares.es\/trineodeviento\/wp-content\/uploads\/2016\/04\/JasonBox2-768x645.jpg 768w, https:\/\/tierraspolares.es\/trineodeviento\/wp-content\/uploads\/2016\/04\/JasonBox2-300x252.jpg 300w, https:\/\/tierraspolares.es\/trineodeviento\/wp-content\/uploads\/2016\/04\/JasonBox2-1024x859.jpg 1024w, https:\/\/tierraspolares.es\/trineodeviento\/wp-content\/uploads\/2016\/04\/JasonBox2.jpg 1269w\" sizes=\"(max-width: 303px) 100vw, 303px\" \/><\/a>El cient\u00edfico norteamericano Jason Eric Box, es hoy una de los m\u00e1s reconocidos cient\u00edficos \u00a0en investigaciones sobre el cambio clim\u00e1tico a nivel mundial. Profesor de Glaciolog\u00eda en el Servicio Geol\u00f3gico de Dinamarca y Groenlandia y en la Universidad de Copenhague, cuenta en su haber con m\u00e1s de 60 publicaciones relacionadas con la interacciones entre el clima y el hielo. Durante cinco a\u00f1os\u00a0(2008-2012) el autor principal de la secci\u00f3n dedicada a Groenlandia en el informe anual \u201cState of the Climate\u201d de la <a href=\"http:\/\/www.noaa.gov\/\" rel=\"nofollow\">NOAA<\/a> del informe clim\u00e1tico y fue tambi\u00e9n uno de los autores del cuarto informe del Panel Intergubernamental de Expertos sobre Cambio Clim\u00e1tico (IPCC), publicado en 2007, colaborando con muchos otros cient\u00edficos en el Nobel de la Paz que consigui\u00f3 el Panel ese mismo a\u00f1o. Entre sus m\u00faltiples proyectos se encuentra el <a href=\"http:\/\/darksnowproject.org\/\" rel=\"nofollow\">Dark Snow Project<\/a>, sobre contaminaci\u00f3n de la nieve en el \u00c1rtico y su impacto en el deshielo. Es, desde 2016, asesor cient\u00edfico del Trineo de Viento, eco-veh\u00edculo desarrollado por Ram\u00f3n Larramendi que ha incorporado a sus investigaciones en Groenlandia. Box ser\u00e1 el encargado de dirigir el posterior an\u00e1lisis de los datos y muestras que recoja el Trineo de Viento.<\/p>\n<p><strong>ROSS EDWARDS (Universidad de Curtis- Universidad de Madison)<\/strong><\/p>\n<p><a href=\"http:\/\/tierraspolares.es\/\/tierraspolares\/trineodeviento\/wp-content\/uploads\/2017\/04\/RossEdwards-1.jpg\"><img decoding=\"async\" class=\"alignleft wp-image-3206 lazyload\" data-src=\"http:\/\/tierraspolares.es\/\/tierraspolares\/trineodeviento\/wp-content\/uploads\/2017\/04\/RossEdwards-1.jpg\" alt=\"\" width=\"297\" height=\"286\" data-srcset=\"https:\/\/tierraspolares.es\/trineodeviento\/wp-content\/uploads\/2017\/04\/RossEdwards-1.jpg 355w, https:\/\/tierraspolares.es\/trineodeviento\/wp-content\/uploads\/2017\/04\/RossEdwards-1-300x289.jpg 300w\" data-sizes=\"(max-width: 297px) 100vw, 297px\" src=\"data:image\/svg+xml;base64,PHN2ZyB3aWR0aD0iMSIgaGVpZ2h0PSIxIiB4bWxucz0iaHR0cDovL3d3dy53My5vcmcvMjAwMC9zdmciPjwvc3ZnPg==\" style=\"--smush-placeholder-width: 297px; --smush-placeholder-aspect-ratio: 297\/286;\" \/><\/a>Bioqu\u00edmico australiano-americano especializado en ciencia polar. Ross es p<span lang=\"es\">rofesor visitante de la Universidad de Wisconsin-Madison (EEUU) desde 2016. Anteriormente, trabajaba como profesor asociado de F\u00edsica y Astronom\u00eda en la Curtin University, Perth (Australia) y en a\u00f1os anteriores estuvo en la Universidad de Reno y Ohio. Sus trabajos de investigaci\u00f3n \u00a0se centran en el carbono negro y las trazas de metales que se encuentran en la nieve y el hielo. Ha trabajado en la Ant\u00e1rtida, el \u00c1rtico, China y los Estados Unidos. Un foco importante de la investigaci\u00f3n de Ross ha sido el desarrollo de nuevos m\u00e9todos anal\u00edticos para detectar especies qu\u00edmicas y nanopart\u00edculas a bajas concentraciones y alta resoluci\u00f3n temporal. Tiene varias patentes en su haber. Est\u00e1 interesado en retroalimentaci\u00f3n entre el clima de la Tierra y la biosfera. Tiene en su haber m\u00e1s de 50 publicaciones en las mejores revistas cient\u00edficas del mundo (Nature, Science, PNAS, etc).\u00a0<\/span><span lang=\"es\">\u00a0Tiene una experiencia de 23 a\u00f1os en la realizaci\u00f3n de trabajos en condiciones extremas. Tambi\u00e9n ha trabajado para la Organizaci\u00f3n Mundial de la Sadud (OMS) en an\u00e1lisis de \u00a0agua potable de terceros pa\u00edses. Ha inventado sistemas \u00fanicos para el an\u00e1lisis de los cortes de hielo que se muestrean en el \u00c1rtico y la Ant\u00e1rtida. Es reconocido por sus compa\u00f1eros como un innovador.<\/span><\/p>\n<p>Ross Edwards es colaborador del equipo del proyecto \u2018Dark Snow\u201d dirigido por el glaci\u00f3logo Jason Box, que estudia el impacto de los incendios forestales en el deshielo \u00e1rtico, con el proyecto\u201d<em>Nanopart\u00edculas en la atm\u00f3sfera del pasado: el feedback de los cambios clim\u00e1ticos<\/em>\u201d de la Universidad de Curtis.<\/p>\n<p><strong>ANTONIO QUESADA (Universidad Aut\u00f3noma de Madrid)<\/strong><\/p>\n<p id=\"tw-target-text\" class=\"tw-data-text tw-ta tw-text-small\" dir=\"ltr\" data-placeholder=\"Traducci\u00f3n\"><span lang=\"es\"><a href=\"http:\/\/tierraspolares.es\/\/tierraspolares\/trineodeviento\/wp-content\/uploads\/2017\/04\/quesada.jpg\"><img decoding=\"async\" class=\"alignleft wp-image-3317 lazyload\" data-src=\"http:\/\/tierraspolares.es\/\/tierraspolares\/trineodeviento\/wp-content\/uploads\/2017\/04\/quesada-768x1024.jpg\" alt=\"\" width=\"194\" height=\"258\" data-srcset=\"https:\/\/tierraspolares.es\/trineodeviento\/wp-content\/uploads\/2017\/04\/quesada-768x1024.jpg 768w, https:\/\/tierraspolares.es\/trineodeviento\/wp-content\/uploads\/2017\/04\/quesada-225x300.jpg 225w, https:\/\/tierraspolares.es\/trineodeviento\/wp-content\/uploads\/2017\/04\/quesada-1152x1536.jpg 1152w, https:\/\/tierraspolares.es\/trineodeviento\/wp-content\/uploads\/2017\/04\/quesada.jpg 1536w\" data-sizes=\"(max-width: 194px) 100vw, 194px\" src=\"data:image\/svg+xml;base64,PHN2ZyB3aWR0aD0iMSIgaGVpZ2h0PSIxIiB4bWxucz0iaHR0cDovL3d3dy53My5vcmcvMjAwMC9zdmciPjwvc3ZnPg==\" style=\"--smush-placeholder-width: 194px; --smush-placeholder-aspect-ratio: 194\/258;\" \/><\/a>Antonio Quesada, de Madrid, es profesor de la Universidad Aut\u00f3noma de Madrid y ha estado relacionado con diferentes temas de investigaci\u00f3n relacionados principalmente con los ecosistemas acu\u00e1ticos no marinos. Ha colaborado en iniciativas internacionales de investigaci\u00f3n, como RiSCC o EBA (SCAR). Ha dirigido varios proyectos de investigaci\u00f3n en regiones polares desde 2001 y ha participado en m\u00e1s de una docena de expediciones polares (tanto \u00e1rticas como ant\u00e1rticas) a una variedad de lugares polares. Actualmente es el investigador principal de un proyecto internacional sobre la biocomplejidad microbiana en las regiones polares. Quesada ha publicado m\u00e1s de 100 art\u00edculos cient\u00edficos en revistas internacionales (<span lang=\"en\">Science, Ecological Monographs, Nature Climate Change<\/span> o <span lang=\"en\">Limnology and Oceanography)<\/span>. Ha participado y coordinado numerosos proyectos de investigaci\u00f3n\/gesti\u00f3n con las administraciones p\u00fablicas. Es el gestor del Programa Estatal de Investigaci\u00f3n Polar.<\/span><\/p>\n<p class=\"tw-data-text tw-ta tw-text-small\" dir=\"ltr\" data-placeholder=\"Traducci\u00f3n\"><strong>FRANCISCO NAVARRO (Universidad Polit\u00e9cnica de Madrid)<\/strong><\/p>\n<p><a href=\"http:\/\/tierraspolares.es\/\/tierraspolares\/trineodeviento\/wp-content\/uploads\/2017\/04\/PacoNavarro-e1494919808527.jpg\"><img decoding=\"async\" class=\"alignleft wp-image-3315 lazyload\" data-src=\"http:\/\/tierraspolares.es\/\/tierraspolares\/trineodeviento\/wp-content\/uploads\/2017\/04\/PacoNavarro-e1494919808527.jpg\" alt=\"\" width=\"257\" height=\"357\" src=\"data:image\/svg+xml;base64,PHN2ZyB3aWR0aD0iMSIgaGVpZ2h0PSIxIiB4bWxucz0iaHR0cDovL3d3dy53My5vcmcvMjAwMC9zdmciPjwvc3ZnPg==\" style=\"--smush-placeholder-width: 257px; --smush-placeholder-aspect-ratio: 257\/357;\" \/><\/a>Profesor en la Universidad Polit\u00e9cnica de Madrid, Navarro es el investigador principal de los Proyectos de Glaciolog\u00eda en la Ant\u00e1rtica (disciplina que estudia la respuesta de los glaciares ante los cambios clim\u00e1ticos). Ha sido responsable de la gesti\u00f3n de la Base Juan Carlos I. Navarro estudia los glaciares desde mediados de los 90, si bien su primer contacto con la Ant\u00e1rtica se remonta a 1983-84, cuando pas\u00f3 un a\u00f1o completo en la estaci\u00f3n polar estadounidense &#8216;Amundsen-Scott&#8217;, en el Polo Sur, realizando estudios de Geof\u00edsica. Fue, por tanto, uno de los pioneros espa\u00f1oles en ese continente. Ha realizado investigaciones sobre los glaciares en el \u00c1rtico y es considerado uno de los m\u00e1s importantes cient\u00edficos polares a nivel internacional, con decenas de publicaciones en las m\u00e1s importantes revistas. \u00a0En la actualidad dirige el Grupo de Simulaci\u00f3n Num\u00e9rica en Ciencias e Ingenier\u00eda en la UPM.<\/p>\n<p><strong>JAVIER LAPAZARAN (Universidad Polit\u00e9cnica de Madrid)<\/strong><\/p>\n<p class=\"tw-data-text tw-ta tw-text-small\" dir=\"ltr\" data-placeholder=\"Traducci\u00f3n\"><a href=\"http:\/\/tierraspolares.es\/\/tierraspolares\/trineodeviento\/wp-content\/uploads\/2017\/04\/Lapazaran.jpg\"><img decoding=\"async\" width=\"150\" height=\"149\" class=\"alignleft size-full wp-image-3316 lazyload\" data-src=\"http:\/\/tierraspolares.es\/\/tierraspolares\/trineodeviento\/wp-content\/uploads\/2017\/04\/Lapazaran.jpg\" alt=\"\" data-srcset=\"https:\/\/tierraspolares.es\/trineodeviento\/wp-content\/uploads\/2017\/04\/Lapazaran.jpg 150w, https:\/\/tierraspolares.es\/trineodeviento\/wp-content\/uploads\/2017\/04\/Lapazaran-80x80.jpg 80w\" data-sizes=\"(max-width: 150px) 100vw, 150px\" src=\"data:image\/svg+xml;base64,PHN2ZyB3aWR0aD0iMSIgaGVpZ2h0PSIxIiB4bWxucz0iaHR0cDovL3d3dy53My5vcmcvMjAwMC9zdmciPjwvc3ZnPg==\" style=\"--smush-placeholder-width: 150px; --smush-placeholder-aspect-ratio: 150\/149;\" \/><\/a>Es ingeniero de telecomunicaciones y profesor en la Universidad Polit\u00e9cnica de Madrid. Se dedica a la radioglaciolog\u00eda como miembro de un grupo de investigaci\u00f3n que estudia la din\u00e1mica y el estado de los glaciares, y c\u00f3mo responden a cambios clim\u00e1ticos. Ha participado en varias campa\u00f1as en la Ant\u00e1rtida, en el proyecto en el que Francisco Navarro es el investigador principal.<\/p>\n<p class=\"tw-data-text tw-ta tw-text-small\" dir=\"ltr\" data-placeholder=\"Traducci\u00f3n\">\n","protected":false},"excerpt":{"rendered":"<p>JASON BOX (Universidad de Copenhague- Servicio Geol\u00f3gico Dan\u00e9s) El cient\u00edfico norteamericano Jason Eric Box, es hoy una de los m\u00e1s reconocidos cient\u00edficos \u00a0en investigaciones sobre el cambio clim\u00e1tico a nivel mundial. Profesor de Glaciolog\u00eda en el Servicio Geol\u00f3gico de Dinamarca y Groenlandia y en la Universidad de Copenhague, cuenta en su haber con m\u00e1s de 60 publicaciones relacionadas con la interacciones entre el clima y el hielo. Durante cinco a\u00f1os\u00a0(2008-2012) el autor principal de la secci\u00f3n dedicada a Groenlandia en el informe anual \u201cState of the Climate\u201d de la NOAA del informe clim\u00e1tico y fue tambi\u00e9n uno de los autores del cuarto informe del Panel Intergubernamental de Expertos sobre Cambio Clim\u00e1tico (IPCC), publicado en 2007, colaborando con muchos otros cient\u00edficos en el Nobel de la Paz que consigui\u00f3 el Panel ese mismo a\u00f1o. Entre sus m\u00faltiples proyectos se encuentra el Dark Snow Project, sobre contaminaci\u00f3n de la nieve en el \u00c1rtico y su impacto en el deshielo. Es, desde 2016, asesor cient\u00edfico del Trineo de Viento, eco-veh\u00edculo desarrollado por Ram\u00f3n Larramendi que ha incorporado a sus investigaciones en Groenlandia. Box ser\u00e1 el encargado de dirigir el posterior an\u00e1lisis de los datos y muestras que recoja el Trineo de Viento. ROSS [&hellip;]<\/p>\n","protected":false},"author":1,"featured_media":0,"parent":0,"menu_order":0,"comment_status":"closed","ping_status":"closed","template":"","meta":{"footnotes":""},"class_list":["post-3302","page","type-page","status-publish","hentry"],"_links":{"self":[{"href":"https:\/\/tierraspolares.es\/trineodeviento\/wp-json\/wp\/v2\/pages\/3302","targetHints":{"allow":["GET"]}}],"collection":[{"href":"https:\/\/tierraspolares.es\/trineodeviento\/wp-json\/wp\/v2\/pages"}],"about":[{"href":"https:\/\/tierraspolares.es\/trineodeviento\/wp-json\/wp\/v2\/types\/page"}],"author":[{"embeddable":true,"href":"https:\/\/tierraspolares.es\/trineodeviento\/wp-json\/wp\/v2\/users\/1"}],"replies":[{"embeddable":true,"href":"https:\/\/tierraspolares.es\/trineodeviento\/wp-json\/wp\/v2\/comments?post=3302"}],"version-history":[{"count":0,"href":"https:\/\/tierraspolares.es\/trineodeviento\/wp-json\/wp\/v2\/pages\/3302\/revisions"}],"wp:attachment":[{"href":"https:\/\/tierraspolares.es\/trineodeviento\/wp-json\/wp\/v2\/media?parent=3302"}],"curies":[{"name":"wp","href":"https:\/\/api.w.org\/{rel}","templated":true}]}}