{"id":638,"date":"2014-02-03T19:29:43","date_gmt":"2014-02-03T19:29:43","guid":{"rendered":"http:\/\/uptobe.es\/tierraspolares\/trineodeviento\/?page_id=638"},"modified":"2024-04-24T21:47:08","modified_gmt":"2024-04-24T19:47:08","slug":"cronica-de-juan-i-oficialdegui","status":"publish","type":"page","link":"https:\/\/tierraspolares.es\/trineodeviento\/hemeroteca\/cronica-de-juan-i-oficialdegui\/","title":{"rendered":"Cr\u00f3nica de Ignacio Oficialdegui"},"content":{"rendered":"<h3><strong style=\"font-size: 13px;\">Y SIN EMBARGO ES PERFECTO, ES PRECIOSO<\/strong><\/h3>\n<p>Transant\u00e1rtica finalizada. Parec\u00eda mentira cuando \u00edbamos hacia el Polo Sur y tambi\u00e9n lo parec\u00eda cuando salimos de \u00e9ste.<\/p>\n<p>Una vez lo consigues todo parece f\u00e1cil, \u00bfc\u00f3mo no lo \u00edbamos a conseguir?, \u00bfalguien ten\u00eda alguna duda?, \u00bfhay qui\u00e9n falle?<\/p>\n<p>La realidad es que estas expediciones, a nivel hist\u00f3rico, se pueden contar con los dedos de las manos y la ruta que acabamos de hacer es una de las transant\u00e1rticas m\u00e1s larga realizada. Muy poca gente seaventura\u00a0a este tipo de exploraci\u00f3n dada la envergadura, complejidad, posibilidades de fracaso y las complicaciones en las que te puedes ver involucrado ante cualquier contratiempo. Las grandes expediciones tradicionales al Polo Sur, las cuales tampoco cuentan con un gran n\u00famero de realizaciones, cubren una distancia de unos 1.200km y se realizan en unos 60 d\u00edas.<\/p>\n<p><a href=\"http:\/\/tierraspolares.es\/\/tierraspolares\/trineodeviento\/wp-content\/uploads\/2014\/02\/accionantartida-001170.jpg\"><img fetchpriority=\"high\" decoding=\"async\" class=\"aligncenter size-full wp-image-639\" src=\"http:\/\/tierraspolares.es\/\/tierraspolares\/trineodeviento\/wp-content\/uploads\/2014\/02\/accionantartida-001170.jpg\" alt=\"accionantartida-001170\" width=\"2500\" height=\"1667\" srcset=\"https:\/\/tierraspolares.es\/trineodeviento\/wp-content\/uploads\/2014\/02\/accionantartida-001170.jpg 2500w, https:\/\/tierraspolares.es\/trineodeviento\/wp-content\/uploads\/2014\/02\/accionantartida-001170-300x200.jpg 300w, https:\/\/tierraspolares.es\/trineodeviento\/wp-content\/uploads\/2014\/02\/accionantartida-001170-1024x683.jpg 1024w, https:\/\/tierraspolares.es\/trineodeviento\/wp-content\/uploads\/2014\/02\/accionantartida-001170-768x512.jpg 768w, https:\/\/tierraspolares.es\/trineodeviento\/wp-content\/uploads\/2014\/02\/accionantartida-001170-1536x1024.jpg 1536w, https:\/\/tierraspolares.es\/trineodeviento\/wp-content\/uploads\/2014\/02\/accionantartida-001170-2048x1366.jpg 2048w, https:\/\/tierraspolares.es\/trineodeviento\/wp-content\/uploads\/2014\/02\/accionantartida-001170-600x400.jpg 600w\" sizes=\"(max-width: 2500px) 100vw, 2500px\" \/><\/a><\/p>\n<p>Acabamos de finalizar un cruce de unos 3.500km en un mes.<\/p>\n<p>Cada d\u00eda que ha pasado hemos vivido con la incertidumbre constante de no ver que este final llegar\u00eda. Ha sido una de las traves\u00edas m\u00e1s largas y, sin duda, la m\u00e1s r\u00e1pida de todas cuantas se hayan realizado.<\/p>\n<p>Con esto estamos hablando solo del plano estad\u00edstico\/deportivo, pero en realidad este proyecto ten\u00eda otros objetivos muy importantes en el plano cient\u00edfico, documental y de innovaci\u00f3n tecnol\u00f3gica que lastran, por decirlo de alguna manera, el movimiento y que han sido tambi\u00e9n plenamente ejecutados.<\/p>\n<p>Estamos, en definitiva, ante un logro de gran envergadura cuyo planteamiento ya es una locura en s\u00ed misma, tanto en el reto como en la forma de la ejecuci\u00f3n.<\/p>\n<p>Ya ha quedado atr\u00e1s Cape Town, Novo Runway , el paisaje de la Tierra de la Reina Maud, la llegada al plateau, el paso del Hombro del Domo, los interminables kil\u00f3metros hacia el Polo Sur, el campo de grietas, los llanos \u201cprepolo\u201d, la entrada al Polo Sur, la base Amundsen-Scott, el viento de salida, el 85\u00ba, el 80\u00ba\u2026, cientos de kil\u00f3metros, cientos de horas de navegaci\u00f3n, cientos de horas de fr\u00edo, cientos de nudos, cientos de fotos, de muestras cient\u00edficas, de cucharadas de mantequilla, de litros de nieve deshelados, de levantadas de cometa, de env\u00edos de ficheros, de \u201cjaris\u201d de cuerdas, de tiburones, de tamatumos, de vientos \u201cdesorientados\u201d, de calmas, de alfombras, de cr\u00f3nicas, de botes durmiendo, sopas de cebolla, tormentas, roturas de travesa\u00f1os, heladas de dedos, kil\u00f3metros, kil\u00f3metros, y kil\u00f3metros.<\/p>\n<p>Los \u00faltimos d\u00edas han sido muy complicados, el viento no ven\u00eda, los sastrugi nos han jugado alguna mala pasada, se estaba alargando todo demasiado para el ritmo que quer\u00edamos llevar\u2026, sin embargo, hace 48 horas la Ant\u00e1rtida reconoci\u00f3 nuestra labor y tenacidad: Por primera vez entr\u00f3 el viento predominante, el que esper\u00e1bamos, el que ten\u00eda que haber sido y, por supuesto, nos pill\u00f3 con los mandos en la mano, con la cometa levantada y no perdimos ni un Watio de su potencia. En una tirada recorrimos unos 300km, el reloj no exist\u00eda, ni el sue\u00f1o, ni la comida, ese viento nos lo daba todo.<\/p>\n<p>Mientras com\u00edamos cualquier d\u00eda uno de los temas recurrentes ha sido siempre hablar de nuestro veh\u00edculo. No sab\u00edamos c\u00f3mo clasificarlo, lo ve\u00edamos en tierra de nadie. No se trata de un medio deportivo al uso, aunque supera todas las modalidades actuales en este sentido, no es un veh\u00edculo cient\u00edfico al uso, con sus orugas y sus decenas de bidones de combustible.<\/p>\n<p>\u00bfQu\u00e9 haces con algo novedoso, que cubre las expectativas cient\u00edficas, y lo hace m\u00e1s r\u00e1pido y barato que las actividades deportivas, pero que rompe con lo convencional, con lo establecido en la comodidad? Estamos en la tesitura de los pioneros, de los que rompen con la comodidad de lo convencional y que adem\u00e1s lo hacen en la direcci\u00f3n del respeto, de la sostenibilidad del futuro. \u00c9ste es el contexto en el que, una vez m\u00e1s, Acciona se ha involucrado.<\/p>\n<p>Estamos realizando acciones presentes que marcan un futuro con futuro, con el riesgo que esto conlleva, pero que en este caso ya, hoy, hemos demostrado que es posible. Ya pas\u00f3 la decisi\u00f3n m\u00e1s dif\u00edcil, la de jug\u00e1rsela, y ahora tenemos que disfrutar y explotar el \u00e9xito.<\/p>\n<p>Yo ya llevo unos a\u00f1os disfrutando de esta filosof\u00eda de Acciona, he participado en la locura de crear una alternativa energ\u00e9tica por todo el mundo y he visto c\u00f3mo otros compa\u00f1eros se la han jugado en otras divisiones con la innovaci\u00f3n en materiales constructivos, modelos de negocio novedosos, planes de gesti\u00f3n de agua con una visi\u00f3n integral de solucionar problemas del futuro, no solo de un beneficio econ\u00f3mico puntual, y todo ello con los pies en el suelo del momento en el que viven, pero con las expectativas de implementar algo que seguir\u00e1 siendo la soluci\u00f3n dentro de muchos a\u00f1os y sin hipotecar las soluciones de a\u00fan m\u00e1s adelante.<\/p>\n<p>En definitiva, durante todos estos d\u00edas Acciona ha dado un paso de gigante en el paradigma de la exploraci\u00f3n y de la conservaci\u00f3n del planeta, el continente blanco. Hemos dejado tras nosotros muchas soluciones y tan solo, f\u00edsicamente, las huellas de 5 ra\u00edles donde la nieve permit\u00eda imprimirlas y que en su mayor parte barr\u00eda conforme pas\u00e1bamos. Hemos recibido viento y sol y lo hemos convertido en conocimiento, sin ning\u00fan otro efecto secundario, sin externalidades. No hemos dejado nada y no nos llevamos nada que no se pueda guardar exclusivamente en nuestras neuronas.<\/p>\n<p>Ha sido una experiencia personal \u00fanica. La sensaci\u00f3n de formar parte de este proyecto tan ambicioso, la superaci\u00f3n de dificultades de todo tipo, el conocimiento de mis propios l\u00edmites, tanto f\u00edsicos como mentales, la convivencia con esta cuadrilla de seres incansables y entra\u00f1ables, la genialidad y determinaci\u00f3n de las ideas de Ram\u00f3n, el arte, t\u00e9cnica y humor de Javi, el compromiso cient\u00edfico y la sencillez de JuanPa, la belleza de este manto blanco infinito donde uno puede ver en todo momento la curvatura de la esfera terrestre y se siente sobre un planeta, la violencia y poder de la naturaleza, la sensaci\u00f3n de que existe una energ\u00eda infinita que se nos ofrece para que la tomemos.<\/p>\n<p>Ahora a esperar a volver a casa, a dejarnos arrastrar por todo lo que hemos contenido durante varias semanas. Tengo muchas ganas de reencontrarme con mi familia, con mis compa\u00f1eros de trabajo, amigos y todos los personajes de mi vida cotidiana. Esto ha estado muy bien, pero no nos olvidemos de que somos personajes \u201cnormales\u201d, una pieza m\u00e1s de la vida cotidiana propia y de otros, a pesar de habernos involucrado en semejante historia. Y ah\u00ed est\u00e1 precisamente el secreto y el \u00e9xito de los grandes cambios, en que no hay que esperar a que aparezcan seres \u201cextraordinarios\u201d, venidos de otras galaxias. Las ideas y la fuerza para llevarlas a cabo est\u00e1n por igual dentro de cada individuo, tan solo hay que cre\u00e9rselo, dar el paso, o ayudar a otros a que lo den, como hace todos los d\u00edas Acciona, y mi familia. Me siento un privilegiado por poder decir esto y por haber tenido las condiciones para estar en la punta del iceberg de una acci\u00f3n de futuro sustentada por la voluntad y el esfuerzo de muchas otras personas que no se ven, pero que est\u00e1n ah\u00ed, permitiendo que todo esto sea posible.<\/p>\n<p>3.500km en los que solo hemos visto hielo, viento, cielo, sol, nubes, fr\u00edo y fuertes voluntades para que siga siendo as\u00ed. Todos componentes s\u00f3lidos a nuestros ojos pero ef\u00edmeros como mota de hielo, fot\u00f3n, calor\u00eda\u2026. El componente humano parece sobrar, pero el planeta es as\u00ed, la vida es as\u00ed, nadie ha dicho que est\u00e9 dise\u00f1ado a medida para nosotros y sin embargo es perfecto, es precioso.<\/p>\n<p><strong>Para Juanma y Susana<\/strong><br \/>\n<strong>Gracias Ram\u00f3n, JuanPa y Javi<\/strong><br \/>\n<strong>Gracias Celina<\/strong><br \/>\n<strong>Gracias Acciona<\/strong><\/p>\n","protected":false},"excerpt":{"rendered":"<p>Y SIN EMBARGO ES PERFECTO, ES PRECIOSO Transant\u00e1rtica finalizada. Parec\u00eda mentira cuando \u00edbamos hacia el Polo Sur y tambi\u00e9n lo parec\u00eda cuando salimos de \u00e9ste. Una vez lo consigues todo parece f\u00e1cil, \u00bfc\u00f3mo no lo \u00edbamos a conseguir?, \u00bfalguien ten\u00eda alguna duda?, \u00bfhay qui\u00e9n falle? La realidad es que estas expediciones, a nivel hist\u00f3rico, se pueden contar con los dedos de las manos y la ruta que acabamos de hacer es una de las transant\u00e1rticas m\u00e1s larga realizada. Muy poca gente seaventura\u00a0a este tipo de exploraci\u00f3n dada la envergadura, complejidad, posibilidades de fracaso y las complicaciones en las que te puedes ver involucrado ante cualquier contratiempo. Las grandes expediciones tradicionales al Polo Sur, las cuales tampoco cuentan con un gran n\u00famero de realizaciones, cubren una distancia de unos 1.200km y se realizan en unos 60 d\u00edas. Acabamos de finalizar un cruce de unos 3.500km en un mes. Cada d\u00eda que ha pasado hemos vivido con la incertidumbre constante de no ver que este final llegar\u00eda. Ha sido una de las traves\u00edas m\u00e1s largas y, sin duda, la m\u00e1s r\u00e1pida de todas cuantas se hayan realizado. Con esto estamos hablando solo del plano estad\u00edstico\/deportivo, pero en realidad este proyecto ten\u00eda otros [&hellip;]<\/p>\n","protected":false},"author":1,"featured_media":0,"parent":65,"menu_order":0,"comment_status":"closed","ping_status":"open","template":"","meta":{"footnotes":""},"class_list":["post-638","page","type-page","status-publish","hentry"],"_links":{"self":[{"href":"https:\/\/tierraspolares.es\/trineodeviento\/wp-json\/wp\/v2\/pages\/638","targetHints":{"allow":["GET"]}}],"collection":[{"href":"https:\/\/tierraspolares.es\/trineodeviento\/wp-json\/wp\/v2\/pages"}],"about":[{"href":"https:\/\/tierraspolares.es\/trineodeviento\/wp-json\/wp\/v2\/types\/page"}],"author":[{"embeddable":true,"href":"https:\/\/tierraspolares.es\/trineodeviento\/wp-json\/wp\/v2\/users\/1"}],"replies":[{"embeddable":true,"href":"https:\/\/tierraspolares.es\/trineodeviento\/wp-json\/wp\/v2\/comments?post=638"}],"version-history":[{"count":1,"href":"https:\/\/tierraspolares.es\/trineodeviento\/wp-json\/wp\/v2\/pages\/638\/revisions"}],"predecessor-version":[{"id":987510953,"href":"https:\/\/tierraspolares.es\/trineodeviento\/wp-json\/wp\/v2\/pages\/638\/revisions\/987510953"}],"up":[{"embeddable":true,"href":"https:\/\/tierraspolares.es\/trineodeviento\/wp-json\/wp\/v2\/pages\/65"}],"wp:attachment":[{"href":"https:\/\/tierraspolares.es\/trineodeviento\/wp-json\/wp\/v2\/media?parent=638"}],"curies":[{"name":"wp","href":"https:\/\/api.w.org\/{rel}","templated":true}]}}