{"id":987510599,"date":"2016-06-09T12:56:31","date_gmt":"2016-06-09T10:56:31","guid":{"rendered":"http:\/\/uptobe.es\/tierraspolares\/trineodeviento\/?page_id=2661"},"modified":"2016-06-09T12:56:31","modified_gmt":"2016-06-09T10:56:31","slug":"el-equipo-del-trineo-de-viento-en-summit-camp","status":"publish","type":"page","link":"https:\/\/tierraspolares.es\/trineodeviento\/el-equipo-del-trineo-de-viento-en-summit-camp\/","title":{"rendered":"\u00a1El equipo del Trineo de Viento en Summit Camp de Groenlandia!"},"content":{"rendered":"<p>El Trineo de Viento, comandado por el explorador Ram\u00f3n Larramendi, se encuentra ya en la Cumbre de Hielo de Groenlandia, a 3.207 metros de altitud \u00a0y en el coraz\u00f3n\u00a0de la isla \u00e1rtica.<\/p>\n<p>Tras 15\u00a0d\u00edas de complicada navegaci\u00f3n, con temperaturas que han llegado a variar hasta 43\u00baC en un solo d\u00eda (de menos 28\u00baC de noche a \u00ba15\u00baC de d\u00eda), los expedicionarios han llegado a los aleda\u00f1os de la base cient\u00edfica ant\u00e1rtica Summit Camp, creada en 1989 por la National Science Foundation (NSF) de Estados Unidos para la investigaci\u00f3n del cambio clim\u00e1tico en el \u00c1rtico.<\/p>\n<p>La expedici\u00f3n, con seis tripulantes a bordo, ha recorrido ya unos 750 kil\u00f3metros y superado los 2.000 metros de altitud que ten\u00edan previstos, con un veh\u00edculo movido por energ\u00eda e\u00f3lica gracias a grandes cometas.<\/p>\n<p>Desde all\u00ed, tienen previsto bajar hasta las cercan\u00edas de la costa este de la isla, donde se encontrar\u00e1n con los tres miembros del equipo que renovar\u00e1n a parte de los expedicionarios y ya est\u00e1n de camino: Manuel Olivera, Miguel Herrero y el groenland\u00e9s Malik Milfeldt, que sustituyen a Karin Moe Bojsen, Nacho Garc\u00eda,\u00a0\u00a0Vicente Leal e Ignacio Oficialdegui. (<a href=\"http:\/\/tierraspolares.es\/\/tierraspolares\/trineodeviento\/el-trineo-de-viento-en-la-cumbre-de-hielo-de-groenlandia\/\">SIGUE.<\/a>.)<\/p>\n","protected":false},"excerpt":{"rendered":"<p>El Trineo de Viento, comandado por el explorador Ram\u00f3n Larramendi, se encuentra ya en la Cumbre de Hielo de Groenlandia, a 3.207 metros de altitud \u00a0y en el coraz\u00f3n\u00a0de la isla \u00e1rtica. Tras 15\u00a0d\u00edas de complicada navegaci\u00f3n, con temperaturas que han llegado a variar hasta 43\u00baC en un solo d\u00eda (de menos 28\u00baC de noche a \u00ba15\u00baC de d\u00eda), los expedicionarios han llegado a los aleda\u00f1os de la base cient\u00edfica ant\u00e1rtica Summit Camp, creada en 1989 por la National Science Foundation (NSF) de Estados Unidos para la investigaci\u00f3n del cambio clim\u00e1tico en el \u00c1rtico. La expedici\u00f3n, con seis tripulantes a bordo, ha recorrido ya unos 750 kil\u00f3metros y superado los 2.000 metros de altitud que ten\u00edan previstos, con un veh\u00edculo movido por energ\u00eda e\u00f3lica gracias a grandes cometas. Desde all\u00ed, tienen previsto bajar hasta las cercan\u00edas de la costa este de la isla, donde se encontrar\u00e1n con los tres miembros del equipo que renovar\u00e1n a parte de los expedicionarios y ya est\u00e1n de camino: Manuel Olivera, Miguel Herrero y el groenland\u00e9s Malik Milfeldt, que sustituyen a Karin Moe Bojsen, Nacho Garc\u00eda,\u00a0\u00a0Vicente Leal e Ignacio Oficialdegui. (SIGUE..)<\/p>\n","protected":false},"author":1,"featured_media":987510380,"parent":0,"menu_order":0,"comment_status":"closed","ping_status":"closed","template":"","meta":{"footnotes":""},"class_list":["post-987510599","page","type-page","status-publish","has-post-thumbnail","hentry"],"_links":{"self":[{"href":"https:\/\/tierraspolares.es\/trineodeviento\/wp-json\/wp\/v2\/pages\/987510599","targetHints":{"allow":["GET"]}}],"collection":[{"href":"https:\/\/tierraspolares.es\/trineodeviento\/wp-json\/wp\/v2\/pages"}],"about":[{"href":"https:\/\/tierraspolares.es\/trineodeviento\/wp-json\/wp\/v2\/types\/page"}],"author":[{"embeddable":true,"href":"https:\/\/tierraspolares.es\/trineodeviento\/wp-json\/wp\/v2\/users\/1"}],"replies":[{"embeddable":true,"href":"https:\/\/tierraspolares.es\/trineodeviento\/wp-json\/wp\/v2\/comments?post=987510599"}],"version-history":[{"count":0,"href":"https:\/\/tierraspolares.es\/trineodeviento\/wp-json\/wp\/v2\/pages\/987510599\/revisions"}],"wp:featuredmedia":[{"embeddable":true,"href":"https:\/\/tierraspolares.es\/trineodeviento\/wp-json\/wp\/v2\/media\/987510380"}],"wp:attachment":[{"href":"https:\/\/tierraspolares.es\/trineodeviento\/wp-json\/wp\/v2\/media?parent=987510599"}],"curies":[{"name":"wp","href":"https:\/\/api.w.org\/{rel}","templated":true}]}}