{"id":987510607,"date":"2024-04-16T18:21:53","date_gmt":"2024-04-16T16:21:53","guid":{"rendered":"http:\/\/uptobe.es\/tierraspolares\/trineodeviento\/?page_id=3500"},"modified":"2024-04-16T18:21:53","modified_gmt":"2024-04-16T16:21:53","slug":"el-trineo-de-viento-atraviesa-groenlandia-esta-primavera","status":"publish","type":"page","link":"https:\/\/tierraspolares.es\/trineodeviento\/el-trineo-de-viento-atraviesa-groenlandia-esta-primavera\/","title":{"rendered":"\u00a1El Trineo de Viento atraviesa Groenlandia esta primavera!"},"content":{"rendered":"<ul>\n<li>\n<h4>El Trineo de Viento atraviesa Groenlandia esta primavera en una expedici\u00f3n que <a href=\"http:\/\/tierraspolares.es\/\/tierraspolares\/trineodeviento\/groenlandia-100xciencia\/\">inicia su recorrido el pr\u00f3ximo 20 de Mayo<\/a>.<\/h4>\n<\/li>\n<li>\n<h4>Durante seis semanas, el Trineo de Viento se convierte en <a href=\"http:\/\/tierraspolares.es\/\/tierraspolares\/trineodeviento\/ciencia-en-la-expedicion-rio-de-hielo-2017\/\">una plataforma cient\u00edfica para proyectos internacionales<\/a>.<\/h4>\n<\/li>\n<li>\n<h4>Colaboran <a href=\"http:\/\/tierraspolares.es\/\/tierraspolares\/trineodeviento\/investigadores-rio-de-hielo-groenlandia-2017\/\">cient\u00edficos internacionales de varios pa\u00edses<\/a> que estudian el cambio clim\u00e1tico.<\/h4>\n<\/li>\n<li>\n<h4>Su objetivo: llegar a <a href=\"http:\/\/tierraspolares.es\/\/tierraspolares\/trineodeviento\/el-rio-de-hielo-de-groenlandia\/\">la mayor corriente de hielo de Groenlandia<\/a> para estudiar el impacto del deshielo en los oc\u00e9anos.<\/h4>\n<\/li>\n<li>\n<h4>Viajan a bordo <a href=\"http:\/\/tierraspolares.es\/\/tierraspolares\/trineodeviento\/equipo-rio-de-hielo-2017\/\">cinco tripulantes, uno de ellos el cient\u00edfico Ross Edwards<\/a>, actualmente en la Universidad de Wisconsin.<\/h4>\n<\/li>\n<li>\n<h4>Visitar\u00e1n <a href=\"http:\/\/tierraspolares.es\/\/tierraspolares\/trineodeviento\/la-base-del-artico-east-grip\/\">la base EasGRIP <\/a>con la que colabora el Trineo de Viento, recogiendo datos y muestras para los cient\u00edficos.<\/h4>\n<\/li>\n<li>\n<h4>Recorrer\u00e1n <a href=\"http:\/\/tierraspolares.es\/\/tierraspolares\/trineodeviento\/rio-de-hielo-2017-la-expedicion-paso-a-paso\/\">1.200 kil\u00f3metros\u00a0<\/a> por el interior de la isla.a<\/h4>\n<\/li>\n<\/ul>\n<div id=\"attachment_5304\" style=\"width: 310px\" class=\"wp-caption alignnone\"><a href=\"https:\/\/tierraspolares.es\/trineodeviento\/wp-content\/uploads\/2022\/05\/expedicionarios-sos-arctic-.jpg\"><img decoding=\"async\" aria-describedby=\"caption-attachment-5304\" class=\"size-medium wp-image-5304 lazyload\" data-src=\"https:\/\/tierraspolares.es\/trineodeviento\/wp-content\/uploads\/2022\/05\/expedicionarios-sos-arctic--300x125.jpg\" alt=\"\" width=\"300\" height=\"125\" src=\"data:image\/svg+xml;base64,PHN2ZyB3aWR0aD0iMSIgaGVpZ2h0PSIxIiB4bWxucz0iaHR0cDovL3d3dy53My5vcmcvMjAwMC9zdmciPjwvc3ZnPg==\" style=\"--smush-placeholder-width: 300px; --smush-placeholder-aspect-ratio: 300\/125;\" \/><\/a><p id=\"caption-attachment-5304\" class=\"wp-caption-text\">Marcus Tob\u00eda, Juanma Sotillos, Bego\u00f1a Hern\u00e1ndez, Luc\u00eda Hortal, Carlos Pitarch y Ram\u00f3n Larramendi<\/p><\/div>\n<h3><\/h3>\n<p>&nbsp;<\/p>\n","protected":false},"excerpt":{"rendered":"<p>El Trineo de Viento atraviesa Groenlandia esta primavera en una expedici\u00f3n que inicia su recorrido el pr\u00f3ximo 20 de Mayo. Durante seis semanas, el Trineo de Viento se convierte en una plataforma cient\u00edfica para proyectos internacionales. Colaboran cient\u00edficos internacionales de varios pa\u00edses que estudian el cambio clim\u00e1tico. Su objetivo: llegar a la mayor corriente de hielo de Groenlandia para estudiar el impacto del deshielo en los oc\u00e9anos. Viajan a bordo cinco tripulantes, uno de ellos el cient\u00edfico Ross Edwards, actualmente en la Universidad de Wisconsin. Visitar\u00e1n la base EasGRIP con la que colabora el Trineo de Viento, recogiendo datos y muestras para los cient\u00edficos. Recorrer\u00e1n 1.200 kil\u00f3metros\u00a0 por el interior de la isla.a &nbsp;<\/p>\n","protected":false},"author":1,"featured_media":3501,"parent":0,"menu_order":0,"comment_status":"closed","ping_status":"closed","template":"","meta":{"footnotes":""},"class_list":["post-987510607","page","type-page","status-publish","has-post-thumbnail","hentry"],"_links":{"self":[{"href":"https:\/\/tierraspolares.es\/trineodeviento\/wp-json\/wp\/v2\/pages\/987510607","targetHints":{"allow":["GET"]}}],"collection":[{"href":"https:\/\/tierraspolares.es\/trineodeviento\/wp-json\/wp\/v2\/pages"}],"about":[{"href":"https:\/\/tierraspolares.es\/trineodeviento\/wp-json\/wp\/v2\/types\/page"}],"author":[{"embeddable":true,"href":"https:\/\/tierraspolares.es\/trineodeviento\/wp-json\/wp\/v2\/users\/1"}],"replies":[{"embeddable":true,"href":"https:\/\/tierraspolares.es\/trineodeviento\/wp-json\/wp\/v2\/comments?post=987510607"}],"version-history":[{"count":0,"href":"https:\/\/tierraspolares.es\/trineodeviento\/wp-json\/wp\/v2\/pages\/987510607\/revisions"}],"wp:featuredmedia":[{"embeddable":true,"href":"https:\/\/tierraspolares.es\/trineodeviento\/wp-json\/wp\/v2\/media\/3501"}],"wp:attachment":[{"href":"https:\/\/tierraspolares.es\/trineodeviento\/wp-json\/wp\/v2\/media?parent=987510607"}],"curies":[{"name":"wp","href":"https:\/\/api.w.org\/{rel}","templated":true}]}}