{"id":987510608,"date":"2018-11-18T19:38:53","date_gmt":"2018-11-18T18:38:53","guid":{"rendered":"http:\/\/uptobe.es\/tierraspolares\/trineodeviento\/?page_id=4337"},"modified":"2024-11-14T11:05:22","modified_gmt":"2024-11-14T10:05:22","slug":"antartida-inexplorada-2018-2019-multimedia","status":"publish","type":"page","link":"https:\/\/tierraspolares.es\/trineodeviento\/multimedia\/antartida-inexplorada-2018-2019-multimedia\/","title":{"rendered":"Ant\u00e1rtida Inexplorada 2018-2019"},"content":{"rendered":"<div class=\"mceTemp\"><\/div>\n<div id=\"attachment_4633\" style=\"width: 572px\" class=\"wp-caption alignleft\"><a href=\"https:\/\/tierraspolares.es\/trineodeviento\/wp-content\/uploads\/2019\/02\/OFI208752-1.jpg\"><img fetchpriority=\"high\" decoding=\"async\" aria-describedby=\"caption-attachment-4633\" class=\"wp-image-4633\" src=\"https:\/\/tierraspolares.es\/trineodeviento\/wp-content\/uploads\/2019\/02\/OFI208752-1-768x576.jpg\" alt=\"Expedici\u00f3n Ant\u00e1rtida Inexplorada 2018-19 Ramon Larramendi\" width=\"562\" height=\"422\" \/><\/a><p id=\"caption-attachment-4633\" class=\"wp-caption-text\">Celebraci\u00f3n en Plateau Ant\u00e1rtico del fin de la expedici\u00f3n Ant\u00e1rtida Inexplorada<\/p><\/div>\n<p>&nbsp;<\/p>\n<p>&nbsp;<\/p>\n<div id=\"attachment_4699\" style=\"width: 562px\" class=\"wp-caption alignleft\"><a href=\"https:\/\/tierraspolares.es\/trineodeviento\/wp-content\/uploads\/2019\/03\/fotoTrineo.jpg\"><img decoding=\"async\" aria-describedby=\"caption-attachment-4699\" class=\"wp-image-4699 lazyload\" data-src=\"https:\/\/tierraspolares.es\/trineodeviento\/wp-content\/uploads\/2019\/03\/fotoTrineo-768x445.jpg\" alt=\"trineo de viento 2019\" width=\"552\" height=\"320\" src=\"data:image\/svg+xml;base64,PHN2ZyB3aWR0aD0iMSIgaGVpZ2h0PSIxIiB4bWxucz0iaHR0cDovL3d3dy53My5vcmcvMjAwMC9zdmciPjwvc3ZnPg==\" style=\"--smush-placeholder-width: 552px; --smush-placeholder-aspect-ratio: 552\/320;\" \/><\/a><p id=\"caption-attachment-4699\" class=\"wp-caption-text\">El Trineo de Viento. En el lateral, el captador de microorganismos.<\/p><\/div>\n<p>&nbsp;<\/p>\n<p>&nbsp;<\/p>\n<p>&nbsp;<\/p>\n<p>&nbsp;<\/p>\n<p>&nbsp;<\/p>\n<p>&nbsp;<\/p>\n<p>&nbsp;<\/p>\n<p>&nbsp;<\/p>\n<p>&nbsp;<\/p>\n<p>&nbsp;<\/p>\n<p><a href=\"http:\/\/tierraspolares.es\/\/tierraspolares\/trineodeviento\/wp-content\/uploads\/2018\/11\/PRESENTACIONweb.jpg\"><img decoding=\"async\" class=\"alignleft wp-image-4338 lazyload\" data-src=\"http:\/\/tierraspolares.es\/\/tierraspolares\/trineodeviento\/wp-content\/uploads\/2018\/11\/PRESENTACIONweb-768x436.jpg\" alt=\"\" width=\"571\" height=\"324\" src=\"data:image\/svg+xml;base64,PHN2ZyB3aWR0aD0iMSIgaGVpZ2h0PSIxIiB4bWxucz0iaHR0cDovL3d3dy53My5vcmcvMjAwMC9zdmciPjwvc3ZnPg==\" style=\"--smush-placeholder-width: 571px; --smush-placeholder-aspect-ratio: 571\/324;\" \/><\/a><a href=\"http:\/\/tierraspolares.es\/\/tierraspolares\/trineodeviento\/wp-content\/uploads\/2018\/11\/IMG_7226.jpg\"><img decoding=\"async\" class=\"alignleft wp-image-4315 lazyload\" data-src=\"http:\/\/tierraspolares.es\/\/tierraspolares\/trineodeviento\/wp-content\/uploads\/2018\/11\/IMG_7226-768x576.jpg\" alt=\"\" width=\"566\" height=\"424\" src=\"data:image\/svg+xml;base64,PHN2ZyB3aWR0aD0iMSIgaGVpZ2h0PSIxIiB4bWxucz0iaHR0cDovL3d3dy53My5vcmcvMjAwMC9zdmciPjwvc3ZnPg==\" style=\"--smush-placeholder-width: 566px; --smush-placeholder-aspect-ratio: 566\/424;\" \/><\/a> <a href=\"http:\/\/tierraspolares.es\/\/tierraspolares\/trineodeviento\/wp-content\/uploads\/2018\/11\/R3A7212.jpg\"><img decoding=\"async\" class=\"alignleft wp-image-4312 lazyload\" data-src=\"http:\/\/tierraspolares.es\/\/tierraspolares\/trineodeviento\/wp-content\/uploads\/2018\/11\/R3A7212-768x512.jpg\" alt=\"\" width=\"571\" height=\"381\" src=\"data:image\/svg+xml;base64,PHN2ZyB3aWR0aD0iMSIgaGVpZ2h0PSIxIiB4bWxucz0iaHR0cDovL3d3dy53My5vcmcvMjAwMC9zdmciPjwvc3ZnPg==\" style=\"--smush-placeholder-width: 571px; --smush-placeholder-aspect-ratio: 571\/381;\" \/><\/a><\/p>\n<p>&nbsp;<\/p>\n<p>&nbsp;<\/p>\n<p>&nbsp;<\/p>\n<p>&nbsp;<\/p>\n<p>&nbsp;<\/p>\n<p>&nbsp;<\/p>\n<p>&nbsp;<\/p>\n<div id=\"attachment_4554\" style=\"width: 522px\" class=\"wp-caption alignnone\"><a href=\"https:\/\/tierraspolares.es\/trineodeviento\/wp-content\/uploads\/2019\/01\/COSERCOMETA.jpg\"><img decoding=\"async\" aria-describedby=\"caption-attachment-4554\" class=\"wp-image-4554 lazyload\" data-src=\"https:\/\/tierraspolares.es\/trineodeviento\/wp-content\/uploads\/2019\/01\/COSERCOMETA-768x548.jpg\" alt=\"\" width=\"512\" height=\"365\" src=\"data:image\/svg+xml;base64,PHN2ZyB3aWR0aD0iMSIgaGVpZ2h0PSIxIiB4bWxucz0iaHR0cDovL3d3dy53My5vcmcvMjAwMC9zdmciPjwvc3ZnPg==\" style=\"--smush-placeholder-width: 512px; --smush-placeholder-aspect-ratio: 512\/365;\" \/><\/a><p id=\"caption-attachment-4554\" class=\"wp-caption-text\">Ignacio Oficialdegui, cosiendo cometas.<\/p><\/div>\n<p><a href=\"https:\/\/tierraspolares.es\/trineodeviento\/wp-content\/uploads\/2019\/01\/foto2Antartida.jpg\"><img decoding=\"async\" class=\"wp-image-4523 lazyload\" data-src=\"https:\/\/tierraspolares.es\/trineodeviento\/wp-content\/uploads\/2019\/01\/foto2Antartida.jpg\" alt=\"\" width=\"553\" height=\"305\" src=\"data:image\/svg+xml;base64,PHN2ZyB3aWR0aD0iMSIgaGVpZ2h0PSIxIiB4bWxucz0iaHR0cDovL3d3dy53My5vcmcvMjAwMC9zdmciPjwvc3ZnPg==\" style=\"--smush-placeholder-width: 553px; --smush-placeholder-aspect-ratio: 553\/305;\" \/><\/a><\/p>\n<p><span style=\"font-size: 14px;\">El equipo junto a la Plateau Station<\/span><\/p>\n<div id=\"attachment_4688\" style=\"width: 592px\" class=\"wp-caption alignleft\"><a href=\"https:\/\/tierraspolares.es\/trineodeviento\/wp-content\/uploads\/2019\/03\/PDTrineoViento1.jpg\"><img decoding=\"async\" aria-describedby=\"caption-attachment-4688\" class=\"wp-image-4688 lazyload\" data-src=\"https:\/\/tierraspolares.es\/trineodeviento\/wp-content\/uploads\/2019\/03\/PDTrineoViento1-768x501.jpg\" alt=\"\" width=\"582\" height=\"380\" src=\"data:image\/svg+xml;base64,PHN2ZyB3aWR0aD0iMSIgaGVpZ2h0PSIxIiB4bWxucz0iaHR0cDovL3d3dy53My5vcmcvMjAwMC9zdmciPjwvc3ZnPg==\" style=\"--smush-placeholder-width: 582px; --smush-placeholder-aspect-ratio: 582\/380;\" \/><\/a><p id=\"caption-attachment-4688\" class=\"wp-caption-text\">Encuentro con el ministro Pedro Duque tras Ant\u00e1rtida Inexplorada 2018-2019<\/p><\/div>\n<div id=\"attachment_4701\" style=\"width: 593px\" class=\"wp-caption alignleft\"><a href=\"https:\/\/tierraspolares.es\/trineodeviento\/wp-content\/uploads\/2019\/03\/IMG_1645-e1552900557757.jpeg\"><img decoding=\"async\" aria-describedby=\"caption-attachment-4701\" class=\"wp-image-4701 lazyload\" data-src=\"https:\/\/tierraspolares.es\/trineodeviento\/wp-content\/uploads\/2019\/03\/IMG_1645-e1552900557757-768x409.jpeg\" alt=\"ramon larramendi premio genio 2019 vocento\" width=\"583\" height=\"310\" src=\"data:image\/svg+xml;base64,PHN2ZyB3aWR0aD0iMSIgaGVpZ2h0PSIxIiB4bWxucz0iaHR0cDovL3d3dy53My5vcmcvMjAwMC9zdmciPjwvc3ZnPg==\" style=\"--smush-placeholder-width: 583px; --smush-placeholder-aspect-ratio: 583\/310;\" \/><\/a><p id=\"caption-attachment-4701\" class=\"wp-caption-text\">Recogida del Premio Genio Azul 2019, tras Ant\u00e1rtida Inexplorada 2018<\/p><\/div>\n","protected":false},"excerpt":{"rendered":"<p>&nbsp; &nbsp; &nbsp; &nbsp; &nbsp; &nbsp; &nbsp; &nbsp; &nbsp; &nbsp; &nbsp; &nbsp; &nbsp; &nbsp; &nbsp; &nbsp; &nbsp; &nbsp; &nbsp; El equipo junto a la Plateau Station<\/p>\n","protected":false},"author":1,"featured_media":0,"parent":987510594,"menu_order":0,"comment_status":"closed","ping_status":"closed","template":"","meta":{"footnotes":""},"class_list":["post-987510608","page","type-page","status-publish","hentry"],"_links":{"self":[{"href":"https:\/\/tierraspolares.es\/trineodeviento\/wp-json\/wp\/v2\/pages\/987510608","targetHints":{"allow":["GET"]}}],"collection":[{"href":"https:\/\/tierraspolares.es\/trineodeviento\/wp-json\/wp\/v2\/pages"}],"about":[{"href":"https:\/\/tierraspolares.es\/trineodeviento\/wp-json\/wp\/v2\/types\/page"}],"author":[{"embeddable":true,"href":"https:\/\/tierraspolares.es\/trineodeviento\/wp-json\/wp\/v2\/users\/1"}],"replies":[{"embeddable":true,"href":"https:\/\/tierraspolares.es\/trineodeviento\/wp-json\/wp\/v2\/comments?post=987510608"}],"version-history":[{"count":2,"href":"https:\/\/tierraspolares.es\/trineodeviento\/wp-json\/wp\/v2\/pages\/987510608\/revisions"}],"predecessor-version":[{"id":987511247,"href":"https:\/\/tierraspolares.es\/trineodeviento\/wp-json\/wp\/v2\/pages\/987510608\/revisions\/987511247"}],"up":[{"embeddable":true,"href":"https:\/\/tierraspolares.es\/trineodeviento\/wp-json\/wp\/v2\/pages\/987510594"}],"wp:attachment":[{"href":"https:\/\/tierraspolares.es\/trineodeviento\/wp-json\/wp\/v2\/media?parent=987510608"}],"curies":[{"name":"wp","href":"https:\/\/api.w.org\/{rel}","templated":true}]}}